{"id":1044,"date":"2011-10-07T14:10:55","date_gmt":"2011-10-07T14:10:55","guid":{"rendered":"http:\/\/www.recherche-corse.fr\/?page_id=1044"},"modified":"2011-10-07T14:30:59","modified_gmt":"2011-10-07T14:30:59","slug":"sup-corsica","status":"publish","type":"page","link":"https:\/\/www.recherche-corse.fr\/?page_id=1044","title":{"rendered":"SUP CORSICA"},"content":{"rendered":"<p><img loading=\"lazy\" decoding=\"async\" class=\"size-full wp-image-1061 alignright\" title=\"logo_supcorsica\" src=\"http:\/\/www.recherche-corse.fr\/wp-content\/uploads\/2011\/10\/logo_supcorsica.jpg\" alt=\"\" width=\"150\" height=\"145\" \/><\/p>\n<p>&nbsp;<\/p>\n<h2>PR\u00c9SENTATION DU PORTAIL<\/h2>\n<p>La Corse, b\u00e9n\u00e9ficiant d\u2019une identit\u00e9 forte, d\u2019institutions sp\u00e9cifiques et d\u2019une position g\u00e9ographique au c\u0153ur du bassin m\u00e9diterran\u00e9en, se positionne comme un lieu d\u2019\u00e9tude et de recherche id\u00e9al, propice \u00e0 la mise en r\u00e9seau des savoirs.<\/p>\n<p>&nbsp;<\/p>\n<p>Con\u00e7u comme un support de communication et d\u2019\u00e9change multi-acteurs, ce site, v\u00e9ritable outil au service des acteurs de la formation sup\u00e9rieure de la recherche et de la diffusion de la culture scientifique technique et industrielle, souhaite contribuer au rapprochement de la <strong>formation<\/strong>, de l\u2019<strong>insertion<\/strong>, de la <strong>recherche<\/strong> et du <strong>d\u00e9veloppement<\/strong>.<\/p>\n<p>&nbsp;<\/p>\n<p>Voulu par l\u2019Etat, la Collectivit\u00e9 Territoriale de Corse et par l\u2019Union Europ\u00e9enne, ce site est l\u2019expression d\u2019une <strong>strat\u00e9gie collective<\/strong> visant \u00e0 privil\u00e9gier la <strong>coop\u00e9ration entre recherche, innovation, formation et diffusion de la culture scientifique <\/strong>au b\u00e9n\u00e9fice<strong> du plus grand nombre<\/strong>.<\/p>\n<p style=\"text-align: center;\"><a href=\"http:\/\/www.supcorsica.com\" target=\"_blank\"><img loading=\"lazy\" decoding=\"async\" class=\"size-medium wp-image-1045\" title=\"supcorsica_web\" src=\"http:\/\/www.recherche-corse.fr\/wp-content\/uploads\/2011\/10\/supcorsica_web-300x280.png\" alt=\"\" width=\"300\" height=\"280\" srcset=\"https:\/\/www.recherche-corse.fr\/wp-content\/uploads\/2011\/10\/supcorsica_web-300x280.png 300w, https:\/\/www.recherche-corse.fr\/wp-content\/uploads\/2011\/10\/supcorsica_web.png 1006w\" sizes=\"auto, (max-width: 300px) 100vw, 300px\" \/><\/a><\/p>\n<p style=\"text-align: center;\"><a href=\"http:\/\/supcorsica.com\" target=\"_blank\">Voir le site<\/a><\/p>\n","protected":false},"excerpt":{"rendered":"<p>&nbsp; PR\u00c9SENTATION DU PORTAIL La Corse, b\u00e9n\u00e9ficiant d\u2019une identit\u00e9 forte, d\u2019institutions sp\u00e9cifiques et d\u2019une position g\u00e9ographique au c\u0153ur du bassin m\u00e9diterran\u00e9en, se positionne comme un lieu d\u2019\u00e9tude et de recherche id\u00e9al, propice \u00e0 la mise en r\u00e9seau des savoirs. &nbsp; Con\u00e7u comme un support de communication et d\u2019\u00e9change multi-acteurs, ce site, v\u00e9ritable outil au service [&hellip;]<\/p>\n","protected":false},"author":1,"featured_media":0,"parent":0,"menu_order":4,"comment_status":"closed","ping_status":"open","template":"","meta":{"footnotes":""},"class_list":["post-1044","page","type-page","status-publish","hentry"],"_links":{"self":[{"href":"https:\/\/www.recherche-corse.fr\/index.php?rest_route=\/wp\/v2\/pages\/1044","targetHints":{"allow":["GET"]}}],"collection":[{"href":"https:\/\/www.recherche-corse.fr\/index.php?rest_route=\/wp\/v2\/pages"}],"about":[{"href":"https:\/\/www.recherche-corse.fr\/index.php?rest_route=\/wp\/v2\/types\/page"}],"author":[{"embeddable":true,"href":"https:\/\/www.recherche-corse.fr\/index.php?rest_route=\/wp\/v2\/users\/1"}],"replies":[{"embeddable":true,"href":"https:\/\/www.recherche-corse.fr\/index.php?rest_route=%2Fwp%2Fv2%2Fcomments&post=1044"}],"version-history":[{"count":20,"href":"https:\/\/www.recherche-corse.fr\/index.php?rest_route=\/wp\/v2\/pages\/1044\/revisions"}],"predecessor-version":[{"id":1066,"href":"https:\/\/www.recherche-corse.fr\/index.php?rest_route=\/wp\/v2\/pages\/1044\/revisions\/1066"}],"wp:attachment":[{"href":"https:\/\/www.recherche-corse.fr\/index.php?rest_route=%2Fwp%2Fv2%2Fmedia&parent=1044"}],"curies":[{"name":"wp","href":"https:\/\/api.w.org\/{rel}","templated":true}]}}