{"id":26,"date":"2011-09-20T14:41:30","date_gmt":"2011-09-20T14:41:30","guid":{"rendered":"http:\/\/www.recherche-corse.fr\/?page_id=26"},"modified":"2011-10-07T12:20:18","modified_gmt":"2011-10-07T12:20:18","slug":"produire-du-savoir-et-le-mettre-au-service-de-la-societe","status":"publish","type":"page","link":"https:\/\/www.recherche-corse.fr\/?page_id=26","title":{"rendered":"2 &#8211; PRODUIRE DU SAVOIR ET LE METTRE AU SERVICE DE LA SOCI\u00c9T\u00c9"},"content":{"rendered":"<address>\u00ab Il n&rsquo;y a pas d&rsquo;un c\u00f4t\u00e9 la recherche fondamentale et de l&rsquo;autre la recherche appliqu\u00e9e. Il y a la recherche et les applications de celle-ci, unies l&rsquo;une \u00e0 l&rsquo;autre comme le fruit de l&rsquo;arbre est uni \u00e0 la branche qui l&rsquo;a port\u00e9 \u00bb<\/address>\n<p style=\"text-align: right; font-weight: bold; font-style: italic;\">Louis Pasteur (1822-1895)<\/p>\n<blockquote>\n<div class=\"mceTemp\" style=\"text-align: center;\">\n<dl id=\"attachment_927\" class=\"wp-caption alignright\" style=\"width: 280px;\">\n<dt class=\"wp-caption-dt\"><a href=\"http:\/\/www.recherche-corse.fr\/wp-content\/uploads\/2011\/10\/2-INTRODUCTION1.jpg\"><img loading=\"lazy\" decoding=\"async\" class=\"size-full wp-image-927\" title=\"2-INTRODUCTION\" src=\"http:\/\/www.recherche-corse.fr\/wp-content\/uploads\/2011\/10\/2-INTRODUCTION1.jpg\" alt=\"\" width=\"270\" height=\"640\" \/><\/a><\/dt>\n<dd class=\"wp-caption-dd\"><a href=\"http:\/\/www.recherche-corse.fr\/wp-content\/uploads\/2011\/10\/2-INTRODUCTION.pdf\" target=\"_blank\">T\u00c9L\u00c9CHARGER LE PDF<\/a><\/dd>\n<\/dl>\n<\/div>\n<p><strong>C\u2019est la qu\u00eate du savoir pour le savoir. Elle cherche \u00e0 accro\u00eetre les connaissances sur les ph\u00e9nom\u00e8nes naturels sans se pr\u00e9occuper d\u2019applications pratiques imm\u00e9diates. Il s\u2019agit par exemple de comprendre comment s\u2019organisent des atomes dans une mol\u00e9cule ou par quel m\u00e9canisme un virus p\u00e9n\u00e8tre dans une cellule.<\/strong><\/p><\/blockquote>\n<h4>LA RECHERCHE APPLIQU\u00c9E<\/h4>\n<p>C\u2019est l\u2019\u00e9cole de l\u2019imagination. Elle essaie de trouver des solutions concr\u00e8tes \u00e0 des probl\u00e8mes pratiques comme la mise au point d\u2019un vaccin ou la r\u00e9alisation de dispositifs capables de capturer et de transformer l\u2019\u00e9nergie solaire.<\/p>\n<p>La recherche fondamentale et la recherche appliqu\u00e9e ont longtemps \u00e9t\u00e9 oppos\u00e9es, leur mariage est pourtant indispensable. Elles ne peuvent se passer l\u2019une de l\u2019autre et la fronti\u00e8re qui les s\u00e9pare n\u2019est d\u2019ailleurs pas toujours bien marqu\u00e9e. Ainsi de nombreuses innovations majeures sont directement issues de travaux d\u00e9velopp\u00e9s dans une logique de recherche fondamentale, la mise au<\/p>\n<p>point du laser par exemple.<\/p>\n<h4>LA VALORISATION<\/h4>\n<p>Elle assure le transfert des r\u00e9sultats de la recherche vers la soci\u00e9t\u00e9 cr\u00e9ant ainsi de la valeur aux travaux r\u00e9alis\u00e9s. La valorisation prend diff\u00e9rentes formes comme la r\u00e9alisation de publications, d\u2019expertises, l\u2019organisation de conf\u00e9rences, mais aussi le d\u00e9p\u00f4t des brevets prot\u00e9geant les d\u00e9couvertes ou l\u2019exploitation commerciale des r\u00e9sultats de la recherche. La valorisation contribue aussi \u00e0 la diffusion de la culture scientifique de chacun et au d\u00e9bat science\/soci\u00e9t\u00e9.<\/p>\n","protected":false},"excerpt":{"rendered":"<p>\u00ab Il n&rsquo;y a pas d&rsquo;un c\u00f4t\u00e9 la recherche fondamentale et de l&rsquo;autre la recherche appliqu\u00e9e. Il y a la recherche et les applications de celle-ci, unies l&rsquo;une \u00e0 l&rsquo;autre comme le fruit de l&rsquo;arbre est uni \u00e0 la branche qui l&rsquo;a port\u00e9 \u00bb Louis Pasteur (1822-1895) T\u00c9L\u00c9CHARGER LE PDF C\u2019est la qu\u00eate du savoir [&hellip;]<\/p>\n","protected":false},"author":1,"featured_media":0,"parent":0,"menu_order":2,"comment_status":"closed","ping_status":"closed","template":"","meta":{"footnotes":""},"class_list":["post-26","page","type-page","status-publish","hentry"],"_links":{"self":[{"href":"https:\/\/www.recherche-corse.fr\/index.php?rest_route=\/wp\/v2\/pages\/26","targetHints":{"allow":["GET"]}}],"collection":[{"href":"https:\/\/www.recherche-corse.fr\/index.php?rest_route=\/wp\/v2\/pages"}],"about":[{"href":"https:\/\/www.recherche-corse.fr\/index.php?rest_route=\/wp\/v2\/types\/page"}],"author":[{"embeddable":true,"href":"https:\/\/www.recherche-corse.fr\/index.php?rest_route=\/wp\/v2\/users\/1"}],"replies":[{"embeddable":true,"href":"https:\/\/www.recherche-corse.fr\/index.php?rest_route=%2Fwp%2Fv2%2Fcomments&post=26"}],"version-history":[{"count":65,"href":"https:\/\/www.recherche-corse.fr\/index.php?rest_route=\/wp\/v2\/pages\/26\/revisions"}],"predecessor-version":[{"id":992,"href":"https:\/\/www.recherche-corse.fr\/index.php?rest_route=\/wp\/v2\/pages\/26\/revisions\/992"}],"wp:attachment":[{"href":"https:\/\/www.recherche-corse.fr\/index.php?rest_route=%2Fwp%2Fv2%2Fmedia&parent=26"}],"curies":[{"name":"wp","href":"https:\/\/api.w.org\/{rel}","templated":true}]}}