{"id":266,"date":"2011-10-04T08:55:06","date_gmt":"2011-10-04T08:55:06","guid":{"rendered":"http:\/\/www.recherche-corse.fr\/?page_id=266"},"modified":"2011-10-07T18:43:52","modified_gmt":"2011-10-07T18:43:52","slug":"autres-acteurs","status":"publish","type":"page","link":"https:\/\/www.recherche-corse.fr\/?page_id=266","title":{"rendered":"20 &#8211; AUTRES ACTEURS"},"content":{"rendered":"<div class=\"mceTemp\" style=\"text-align: center;\">\n<dl id=\"attachment_501\" class=\"wp-caption alignright\" style=\"width: 280px;\">\n<dt class=\"wp-caption-dt\"><a href=\"http:\/\/www.recherche-corse.fr\/wp-content\/uploads\/2011\/10\/20-AUTRES-ACTEURS.jpg\"><img loading=\"lazy\" decoding=\"async\" class=\"size-full wp-image-501\" title=\"20-AUTRES-ACTEURS\" src=\"http:\/\/www.recherche-corse.fr\/wp-content\/uploads\/2011\/10\/20-AUTRES-ACTEURS.jpg\" alt=\"\" width=\"270\" height=\"640\" \/><\/a><\/dt>\n<dd class=\"wp-caption-dd\"><a href=\"http:\/\/www.recherche-corse.fr\/wp-content\/uploads\/2011\/10\/20-AUTRES-ACTEURS.pdf\" target=\"_blank\">T\u00c9L\u00c9CHARGER LE PDF<\/a><\/dd>\n<\/dl>\n<\/div>\n<blockquote><p><strong>Souvent en collaboration avec les principaux organismes de recherche scientifique, d\u2019autres partenaires institutionnels, mais aussi associatifs participent sur notre \u00eele \u00e0 de nombreux travaux et \u00e9tudes.<\/strong><\/p><\/blockquote>\n<h4>LES ACTEURS INSTITUTIONNELS<\/h4>\n<p>Il s\u2019agit de services d\u00e9concentr\u00e9s de l\u2019\u00c9tat comme la D\u00e9l\u00e9gation R\u00e9gionale \u00e0 la Recherche et \u00e0 la Technologie (DRRT), la Direction R\u00e9gionale des Affaires Culturelles (DRAC), la Direction R\u00e9gionale de l\u2019Environnement, de l\u2019Am\u00e9nagement et du Logement (DREAL), mais aussi des \u00e9tablissements publics comme l\u2019Office National des For\u00eats (ONF), le conservatoire du littoral, le Parc Naturel R\u00e9gional de la Corse (PNRC), des universit\u00e9s continentales et \u00e9trang\u00e8res.<br \/>\nLes collectivit\u00e9s territoriales, conseils g\u00e9n\u00e9raux et la Collectivit\u00e9 Territoriale de Corse (CTC), jouent aussi un r\u00f4le important.<\/p>\n<p>Ces diff\u00e9rents acteurs participent directement ou indirectement aux travaux de recherche scientifique. Leur soutien financier est indispensable.<\/p>\n<h4>LES ASSOCIATIONS LOI 1901<\/h4>\n<p>Le tissu associatif, tr\u00e8s pr\u00e9sent sur notre \u00eele, est \u00e9galement un acteur important de la recherche scientifique.<\/p>\n<p>En partenariat avec les organismes institutionnels, les travaux de nombreuses associations contribuent \u00e0 une meilleure connaissance de notre \u00eele dans des domaines tr\u00e8s divers comme l\u2019histoire ou la biologie.<\/p>\n","protected":false},"excerpt":{"rendered":"<p>T\u00c9L\u00c9CHARGER LE PDF Souvent en collaboration avec les principaux organismes de recherche scientifique, d\u2019autres partenaires institutionnels, mais aussi associatifs participent sur notre \u00eele \u00e0 de nombreux travaux et \u00e9tudes. LES ACTEURS INSTITUTIONNELS Il s\u2019agit de services d\u00e9concentr\u00e9s de l\u2019\u00c9tat comme la D\u00e9l\u00e9gation R\u00e9gionale \u00e0 la Recherche et \u00e0 la Technologie (DRRT), la Direction R\u00e9gionale des [&hellip;]<\/p>\n","protected":false},"author":1,"featured_media":0,"parent":0,"menu_order":20,"comment_status":"closed","ping_status":"closed","template":"","meta":{"footnotes":""},"class_list":["post-266","page","type-page","status-publish","hentry"],"_links":{"self":[{"href":"https:\/\/www.recherche-corse.fr\/index.php?rest_route=\/wp\/v2\/pages\/266","targetHints":{"allow":["GET"]}}],"collection":[{"href":"https:\/\/www.recherche-corse.fr\/index.php?rest_route=\/wp\/v2\/pages"}],"about":[{"href":"https:\/\/www.recherche-corse.fr\/index.php?rest_route=\/wp\/v2\/types\/page"}],"author":[{"embeddable":true,"href":"https:\/\/www.recherche-corse.fr\/index.php?rest_route=\/wp\/v2\/users\/1"}],"replies":[{"embeddable":true,"href":"https:\/\/www.recherche-corse.fr\/index.php?rest_route=%2Fwp%2Fv2%2Fcomments&post=266"}],"version-history":[{"count":66,"href":"https:\/\/www.recherche-corse.fr\/index.php?rest_route=\/wp\/v2\/pages\/266\/revisions"}],"predecessor-version":[{"id":269,"href":"https:\/\/www.recherche-corse.fr\/index.php?rest_route=\/wp\/v2\/pages\/266\/revisions\/269"}],"wp:attachment":[{"href":"https:\/\/www.recherche-corse.fr\/index.php?rest_route=%2Fwp%2Fv2%2Fmedia&parent=266"}],"curies":[{"name":"wp","href":"https:\/\/api.w.org\/{rel}","templated":true}]}}