{"id":270,"date":"2011-10-04T08:58:07","date_gmt":"2011-10-04T08:58:07","guid":{"rendered":"http:\/\/www.recherche-corse.fr\/?page_id=270"},"modified":"2011-10-07T13:17:13","modified_gmt":"2011-10-07T13:17:13","slug":"inserm","status":"publish","type":"page","link":"https:\/\/www.recherche-corse.fr\/?page_id=270","title":{"rendered":"19 &#8211; INSERM"},"content":{"rendered":"<p>&nbsp;<\/p>\n<blockquote>\n<div class=\"mceTemp\" style=\"text-align: center;\">\n<dl id=\"attachment_500\" class=\"wp-caption alignright\" style=\"width: 280px;\">\n<dt class=\"wp-caption-dt\"><a href=\"http:\/\/www.recherche-corse.fr\/wp-content\/uploads\/2011\/10\/19-INSERM.jpg\"><img loading=\"lazy\" decoding=\"async\" class=\"size-full wp-image-500 \" title=\"19-INSERM\" src=\"http:\/\/www.recherche-corse.fr\/wp-content\/uploads\/2011\/10\/19-INSERM.jpg\" alt=\"\" width=\"270\" height=\"640\" \/><\/a><\/dt>\n<dd class=\"wp-caption-dd\"><a href=\"http:\/\/www.recherche-corse.fr\/wp-content\/uploads\/2011\/10\/19-INSERM.pdf\" target=\"_blank\">T\u00c9L\u00c9CHARGER LE PDF<\/a><\/dd>\n<\/dl>\n<\/div>\n<p><strong>L&rsquo;Institut national de la sant\u00e9 et de la recherche m\u00e9dicale (Inserm) est un \u00e9tablissement public \u00e0 caract\u00e8re scientifique et technologique. Il est aujourd\u2019hui le seul organisme public de recherche fran\u00e7ais enti\u00e8rement d\u00e9di\u00e9 \u00e0 la sant\u00e9 humaine.<\/strong><\/p><\/blockquote>\n<p>Sa mission essentielle est de mieux comprendre et d\u2019am\u00e9liorer la sant\u00e9 humaine afin de relever les nouveaux d\u00e9fis scientifiques, sanitaires et \u00e9conomiques du XXIe si\u00e8cle. L\u2019Inserm assure \u00e9galement la coordination strat\u00e9gique, scientifique et op\u00e9rationnelle de la recherche biom\u00e9dicale en France ainsi que des missions d\u2019expertise et de veille sanitaire.<\/p>\n<p>L&rsquo;Inserm est structur\u00e9 en unit\u00e9s de recherche de tailles vari\u00e9es ; il est actuellement constitu\u00e9 de 318 unit\u00e9s et 58 instituts f\u00e9d\u00e9ratifs de recherche, le plus souvent ins\u00e9r\u00e9s au sein d&rsquo;UFR de m\u00e9decine, d&rsquo;h\u00f4pitaux, et d&rsquo;universit\u00e9s.<\/p>\n<h4>LE R\u00c9SEAU SENTINELLES EN CORSE<\/h4>\n<p>Le r\u00e9seau Sentinelles est un r\u00e9seau national d\u2019environ 1300 m\u00e9decins g\u00e9n\u00e9ralistes. Il est anim\u00e9 par une unit\u00e9 mixte : l\u2019unit\u00e9 707 de l\u2019Inserm et l\u2019Universit\u00e9 Pierre et Marie Curie (Paris 6). Une antenne de ce r\u00e9seau a \u00e9t\u00e9 install\u00e9e en Corse en 2005, au sein de l\u2019Universit\u00e9 de Corse, afin de renforcer le dispositif dans la r\u00e9gion et d\u00e9velopper des programmes de recherche r\u00e9gionaux.<\/p>\n<h4>SURVEILLANCE CLINIQUE<\/h4>\n<p>Le r\u00e9seau Sentinelles a pour mission de surveiller 10 indicateurs de sant\u00e9 vus en m\u00e9decine g\u00e9n\u00e9rale, dont la diarrh\u00e9e aigu\u00eb et les syndr\u00f4mes grippaux. Ceci permet de suivre et de pr\u00e9voir l\u2019\u00e9volution des \u00e9pid\u00e9mies hivernales de gastroent\u00e9rite et de grippe. Pour cela, les m\u00e9decins g\u00e9n\u00e9ralistes transmettent chaque semaine, via internet, le nombre de patients vus pour ces sympt\u00f4mes. Ces informations sont ensuite transmises aux m\u00e9dias afin d\u2019informer la population de la situation (radios, TV, journaux).<\/p>\n<h4>SURVEILLANCE VIROLOGIQUE<\/h4>\n<p>Le d\u00e9veloppement de l\u2019antenne en Corse a permis de mettre en place un laboratoire de virologie, install\u00e9 \u00e0 l\u2019Universit\u00e9 de Corse. Chaque hiver, avec l\u2019aide des m\u00e9decins g\u00e9n\u00e9ralistes, des pr\u00e9l\u00e8vements sont effectu\u00e9s sur les patients puis analys\u00e9s au sein du laboratoire de virologie. Ainsi, il est possible de surveiller la circulation des diff\u00e9rents types de virus de la grippe et de la gastroent\u00e9rite dans la r\u00e9gion.<\/p>\n<h4>ENQU\u00caTES DIVERSES<\/h4>\n<p>Chaque ann\u00e9e, des \u00e9tudes avec les m\u00e9decins g\u00e9n\u00e9ralistes sont mises en place pour mieux comprendre le fonctionnement de certaines maladies ou encore conna\u00eetre les facteurs de risque d\u2019\u00eatre atteint d\u2019une de ces pathologies.<\/p>\n","protected":false},"excerpt":{"rendered":"<p>&nbsp; T\u00c9L\u00c9CHARGER LE PDF L&rsquo;Institut national de la sant\u00e9 et de la recherche m\u00e9dicale (Inserm) est un \u00e9tablissement public \u00e0 caract\u00e8re scientifique et technologique. Il est aujourd\u2019hui le seul organisme public de recherche fran\u00e7ais enti\u00e8rement d\u00e9di\u00e9 \u00e0 la sant\u00e9 humaine. Sa mission essentielle est de mieux comprendre et d\u2019am\u00e9liorer la sant\u00e9 humaine afin de relever [&hellip;]<\/p>\n","protected":false},"author":1,"featured_media":0,"parent":0,"menu_order":19,"comment_status":"closed","ping_status":"closed","template":"","meta":{"footnotes":""},"class_list":["post-270","page","type-page","status-publish","hentry"],"_links":{"self":[{"href":"https:\/\/www.recherche-corse.fr\/index.php?rest_route=\/wp\/v2\/pages\/270","targetHints":{"allow":["GET"]}}],"collection":[{"href":"https:\/\/www.recherche-corse.fr\/index.php?rest_route=\/wp\/v2\/pages"}],"about":[{"href":"https:\/\/www.recherche-corse.fr\/index.php?rest_route=\/wp\/v2\/types\/page"}],"author":[{"embeddable":true,"href":"https:\/\/www.recherche-corse.fr\/index.php?rest_route=\/wp\/v2\/users\/1"}],"replies":[{"embeddable":true,"href":"https:\/\/www.recherche-corse.fr\/index.php?rest_route=%2Fwp%2Fv2%2Fcomments&post=270"}],"version-history":[{"count":20,"href":"https:\/\/www.recherche-corse.fr\/index.php?rest_route=\/wp\/v2\/pages\/270\/revisions"}],"predecessor-version":[{"id":349,"href":"https:\/\/www.recherche-corse.fr\/index.php?rest_route=\/wp\/v2\/pages\/270\/revisions\/349"}],"wp:attachment":[{"href":"https:\/\/www.recherche-corse.fr\/index.php?rest_route=%2Fwp%2Fv2%2Fmedia&parent=270"}],"curies":[{"name":"wp","href":"https:\/\/api.w.org\/{rel}","templated":true}]}}