{"id":271,"date":"2011-10-04T08:58:10","date_gmt":"2011-10-04T08:58:10","guid":{"rendered":"http:\/\/www.recherche-corse.fr\/?page_id=271"},"modified":"2011-10-08T12:28:37","modified_gmt":"2011-10-08T12:28:37","slug":"consulter-lexposition","status":"publish","type":"page","link":"https:\/\/www.recherche-corse.fr\/?page_id=271","title":{"rendered":"CONSULTER L&rsquo;EXPOSITION"},"content":{"rendered":"\n\t\t<style type=\"text\/css\">\n\t\t\t#gallery-1 {\n\t\t\t\tmargin: auto;\n\t\t\t}\n\t\t\t#gallery-1 .gallery-item {\n\t\t\t\tfloat: left;\n\t\t\t\tmargin-top: 10px;\n\t\t\t\ttext-align: center;\n\t\t\t\twidth: 25%;\n\t\t\t}\n\t\t\t#gallery-1 img {\n\t\t\t\tborder: 2px solid #cfcfcf;\n\t\t\t}\n\t\t\t#gallery-1 .gallery-caption {\n\t\t\t\tmargin-left: 0;\n\t\t\t}\n\t\t\t\/* see gallery_shortcode() in wp-includes\/media.php *\/\n\t\t<\/style>\n\t\t<div id='gallery-1' class='gallery galleryid-271 gallery-columns-4 gallery-size-thumbnail'><dl class='gallery-item'>\n\t\t\t<dt class='gallery-icon portrait'>\n\t\t\t\t<a href='https:\/\/www.recherche-corse.fr\/wp-content\/uploads\/2011\/10\/1-INTRODUCTION1.jpg'><img loading=\"lazy\" decoding=\"async\" width=\"124\" height=\"150\" src=\"https:\/\/www.recherche-corse.fr\/wp-content\/uploads\/2011\/10\/1-INTRODUCTION1-e1318019196496-124x150.jpg\" class=\"attachment-thumbnail size-thumbnail\" alt=\"\" aria-describedby=\"gallery-1-926\" \/><\/a>\n\t\t\t<\/dt>\n\t\t\t\t<dd class='wp-caption-text gallery-caption' id='gallery-1-926'>\n\t\t\t\t<a target=\"_blank\" href=\"http:\/\/www.recherche-corse.fr\/wp-content\/uploads\/2011\/10\/1-INTRODUCTION.pdf\">LA RECHERCHE<\/a>\n\t\t\t\t<\/dd><\/dl><dl class='gallery-item'>\n\t\t\t<dt class='gallery-icon portrait'>\n\t\t\t\t<a href='https:\/\/www.recherche-corse.fr\/wp-content\/uploads\/2011\/10\/2-INTRODUCTION1.jpg'><img loading=\"lazy\" decoding=\"async\" width=\"124\" height=\"150\" src=\"https:\/\/www.recherche-corse.fr\/wp-content\/uploads\/2011\/10\/2-INTRODUCTION1-e1318019279190-124x150.jpg\" class=\"attachment-thumbnail size-thumbnail\" alt=\"\" aria-describedby=\"gallery-1-927\" \/><\/a>\n\t\t\t<\/dt>\n\t\t\t\t<dd class='wp-caption-text gallery-caption' id='gallery-1-927'>\n\t\t\t\t<a target=\"_blank\" href=\"http:\/\/www.recherche-corse.fr\/wp-content\/uploads\/2011\/10\/2-INTRODUCTION.pdf\">PRODUIRE DU SAVOIR<\/a>\n\t\t\t\t<\/dd><\/dl><dl class='gallery-item'>\n\t\t\t<dt class='gallery-icon portrait'>\n\t\t\t\t<a href='https:\/\/www.recherche-corse.fr\/wp-content\/uploads\/2011\/10\/3-UMRCNRS1.jpg'><img loading=\"lazy\" decoding=\"async\" width=\"124\" height=\"150\" src=\"https:\/\/www.recherche-corse.fr\/wp-content\/uploads\/2011\/10\/3-UMRCNRS1-e1318019514918-124x150.jpg\" class=\"attachment-thumbnail size-thumbnail\" alt=\"\" aria-describedby=\"gallery-1-928\" \/><\/a>\n\t\t\t<\/dt>\n\t\t\t\t<dd class='wp-caption-text gallery-caption' id='gallery-1-928'>\n\t\t\t\t<a target=\"_blan\" href=\"http:\/\/www.recherche-corse.fr\/wp-content\/uploads\/2011\/10\/3-UMRCNRS.pdf\">L&rsquo;UMR CNRS<\/a>\n\t\t\t\t<\/dd><\/dl><dl class='gallery-item'>\n\t\t\t<dt class='gallery-icon portrait'>\n\t\t\t\t<a href='https:\/\/www.recherche-corse.fr\/wp-content\/uploads\/2011\/10\/4-ENR1.jpg'><img loading=\"lazy\" decoding=\"async\" width=\"124\" height=\"150\" src=\"https:\/\/www.recherche-corse.fr\/wp-content\/uploads\/2011\/10\/4-ENR1-e1318019417575-124x150.jpg\" class=\"attachment-thumbnail size-thumbnail\" alt=\"\" aria-describedby=\"gallery-1-929\" \/><\/a>\n\t\t\t<\/dt>\n\t\t\t\t<dd class='wp-caption-text gallery-caption' id='gallery-1-929'>\n\t\t\t\t<a tagret=\"_blank\" href=\"http:\/\/www.recherche-corse.fr\/wp-content\/uploads\/2011\/10\/4-ENR.pdf\">LE PROJET ENR<\/a>\n\t\t\t\t<\/dd><\/dl><br style=\"clear: both\" \/><dl class='gallery-item'>\n\t\t\t<dt class='gallery-icon portrait'>\n\t\t\t\t<a href='https:\/\/www.recherche-corse.fr\/wp-content\/uploads\/2011\/10\/5-FEUX1.jpg'><img loading=\"lazy\" decoding=\"async\" width=\"124\" height=\"150\" src=\"https:\/\/www.recherche-corse.fr\/wp-content\/uploads\/2011\/10\/5-FEUX1-e1318019840685-124x150.jpg\" class=\"attachment-thumbnail size-thumbnail\" alt=\"\" aria-describedby=\"gallery-1-930\" \/><\/a>\n\t\t\t<\/dt>\n\t\t\t\t<dd class='wp-caption-text gallery-caption' id='gallery-1-930'>\n\t\t\t\t<a target=_blank\" href=\"http:\/\/www.recherche-corse.fr\/wp-content\/uploads\/2011\/10\/5-FEUX.pdf\">LE PROJET FEUX<\/a>\n\t\t\t\t<\/dd><\/dl><dl class='gallery-item'>\n\t\t\t<dt class='gallery-icon portrait'>\n\t\t\t\t<a href='https:\/\/www.recherche-corse.fr\/wp-content\/uploads\/2011\/10\/6-RN1.jpg'><img loading=\"lazy\" decoding=\"async\" width=\"124\" height=\"150\" src=\"https:\/\/www.recherche-corse.fr\/wp-content\/uploads\/2011\/10\/6-RN1-e1318019907148-124x150.jpg\" class=\"attachment-thumbnail size-thumbnail\" alt=\"\" aria-describedby=\"gallery-1-931\" \/><\/a>\n\t\t\t<\/dt>\n\t\t\t\t<dd class='wp-caption-text gallery-caption' id='gallery-1-931'>\n\t\t\t\t<a target=\"_blank\" href=\"http:\/\/www.recherche-corse.fr\/wp-content\/uploads\/2011\/10\/6-RN.pdf\">LE PROJET RN<\/a>\n\t\t\t\t<\/dd><\/dl><dl class='gallery-item'>\n\t\t\t<dt class='gallery-icon portrait'>\n\t\t\t\t<a href='https:\/\/www.recherche-corse.fr\/wp-content\/uploads\/2011\/10\/7-GEM1.jpg'><img loading=\"lazy\" decoding=\"async\" width=\"124\" height=\"150\" src=\"https:\/\/www.recherche-corse.fr\/wp-content\/uploads\/2011\/10\/7-GEM1-e1318020239210-124x150.jpg\" class=\"attachment-thumbnail size-thumbnail\" alt=\"\" aria-describedby=\"gallery-1-932\" \/><\/a>\n\t\t\t<\/dt>\n\t\t\t\t<dd class='wp-caption-text gallery-caption' id='gallery-1-932'>\n\t\t\t\t<a target=\"_blank\" href=\"http:\/\/www.recherche-corse.fr\/wp-content\/uploads\/2011\/10\/7-GEM.pdf\">LE PROJET GEM<\/a>\n\t\t\t\t<\/dd><\/dl><dl class='gallery-item'>\n\t\t\t<dt class='gallery-icon portrait'>\n\t\t\t\t<a href='https:\/\/www.recherche-corse.fr\/wp-content\/uploads\/2011\/10\/8-TIC1.jpg'><img loading=\"lazy\" decoding=\"async\" width=\"124\" height=\"150\" src=\"https:\/\/www.recherche-corse.fr\/wp-content\/uploads\/2011\/10\/8-TIC1-e1318020285101-124x150.jpg\" class=\"attachment-thumbnail size-thumbnail\" alt=\"\" aria-describedby=\"gallery-1-933\" \/><\/a>\n\t\t\t<\/dt>\n\t\t\t\t<dd class='wp-caption-text gallery-caption' id='gallery-1-933'>\n\t\t\t\t<a target=\"_blank\" href=\"http:\/\/www.recherche-corse.fr\/wp-content\/uploads\/2011\/10\/8-TIC.pdf\">LE PROJET TIC<\/a>\n\t\t\t\t<\/dd><\/dl><br style=\"clear: both\" \/><dl class='gallery-item'>\n\t\t\t<dt class='gallery-icon portrait'>\n\t\t\t\t<a href='https:\/\/www.recherche-corse.fr\/wp-content\/uploads\/2011\/10\/9-DTDD1.jpg'><img loading=\"lazy\" decoding=\"async\" width=\"124\" height=\"150\" src=\"https:\/\/www.recherche-corse.fr\/wp-content\/uploads\/2011\/10\/9-DTDD1-e1318020356591-124x150.jpg\" class=\"attachment-thumbnail size-thumbnail\" alt=\"\" aria-describedby=\"gallery-1-934\" \/><\/a>\n\t\t\t<\/dt>\n\t\t\t\t<dd class='wp-caption-text gallery-caption' id='gallery-1-934'>\n\t\t\t\t<a target=\"_blank\" href=\"http:\/\/www.recherche-corse.fr\/wp-content\/uploads\/2011\/10\/9-DTDD.pdf\">LE PROJET DTDD<\/a>\n\t\t\t\t<\/dd><\/dl><dl class='gallery-item'>\n\t\t\t<dt class='gallery-icon portrait'>\n\t\t\t\t<a href='https:\/\/www.recherche-corse.fr\/wp-content\/uploads\/2011\/10\/10-ICPP1.jpg'><img loading=\"lazy\" decoding=\"async\" width=\"124\" height=\"150\" src=\"https:\/\/www.recherche-corse.fr\/wp-content\/uploads\/2011\/10\/10-ICPP1-e1318020396989-124x150.jpg\" class=\"attachment-thumbnail size-thumbnail\" alt=\"\" aria-describedby=\"gallery-1-935\" \/><\/a>\n\t\t\t<\/dt>\n\t\t\t\t<dd class='wp-caption-text gallery-caption' id='gallery-1-935'>\n\t\t\t\t<a target=\"_blank\" href=\"http:\/\/www.recherche-corse.fr\/wp-content\/uploads\/2011\/10\/10-ICPP.pdf\">LE PROJET ICPP<\/a>\n\t\t\t\t<\/dd><\/dl><dl class='gallery-item'>\n\t\t\t<dt class='gallery-icon portrait'>\n\t\t\t\t<a href='https:\/\/www.recherche-corse.fr\/wp-content\/uploads\/2011\/10\/11-VIGNOLA1.jpg'><img loading=\"lazy\" decoding=\"async\" width=\"124\" height=\"150\" src=\"https:\/\/www.recherche-corse.fr\/wp-content\/uploads\/2011\/10\/11-VIGNOLA1-e1318020433562-124x150.jpg\" class=\"attachment-thumbnail size-thumbnail\" alt=\"\" aria-describedby=\"gallery-1-936\" \/><\/a>\n\t\t\t<\/dt>\n\t\t\t\t<dd class='wp-caption-text gallery-caption' id='gallery-1-936'>\n\t\t\t\t<a target=\"_blank\" href=\"http:\/\/www.recherche-corse.fr\/wp-content\/uploads\/2011\/10\/11-VIGNOLA.pdf\">VIGNOLA<\/a>\n\t\t\t\t<\/dd><\/dl><dl class='gallery-item'>\n\t\t\t<dt class='gallery-icon portrait'>\n\t\t\t\t<a href='https:\/\/www.recherche-corse.fr\/wp-content\/uploads\/2011\/10\/12-STELLAMARE1.jpg'><img loading=\"lazy\" decoding=\"async\" width=\"124\" height=\"150\" src=\"https:\/\/www.recherche-corse.fr\/wp-content\/uploads\/2011\/10\/12-STELLAMARE1-e1318020468441-124x150.jpg\" class=\"attachment-thumbnail size-thumbnail\" alt=\"\" aria-describedby=\"gallery-1-937\" \/><\/a>\n\t\t\t<\/dt>\n\t\t\t\t<dd class='wp-caption-text gallery-caption' id='gallery-1-937'>\n\t\t\t\t<a target=\"_blank\" href=\"http:\/\/www.recherche-corse.fr\/wp-content\/uploads\/2011\/10\/12-STELLAMARE.pdf\">STELLAMARE<\/a>\n\t\t\t\t<\/dd><\/dl><br style=\"clear: both\" \/><dl class='gallery-item'>\n\t\t\t<dt class='gallery-icon portrait'>\n\t\t\t\t<a href='https:\/\/www.recherche-corse.fr\/wp-content\/uploads\/2011\/10\/13-INRA1.jpg'><img loading=\"lazy\" decoding=\"async\" width=\"124\" height=\"150\" src=\"https:\/\/www.recherche-corse.fr\/wp-content\/uploads\/2011\/10\/13-INRA1-e1318020502416-124x150.jpg\" class=\"attachment-thumbnail size-thumbnail\" alt=\"\" aria-describedby=\"gallery-1-938\" \/><\/a>\n\t\t\t<\/dt>\n\t\t\t\t<dd class='wp-caption-text gallery-caption' id='gallery-1-938'>\n\t\t\t\t<a target=\"_blank\" href=\"http:\/\/www.recherche-corse.fr\/wp-content\/uploads\/2011\/10\/13-INRA.pdf\">L&rsquo;INRA<\/a>\n\t\t\t\t<\/dd><\/dl><dl class='gallery-item'>\n\t\t\t<dt class='gallery-icon portrait'>\n\t\t\t\t<a href='https:\/\/www.recherche-corse.fr\/wp-content\/uploads\/2011\/10\/14-INRA1.jpg'><img loading=\"lazy\" decoding=\"async\" width=\"124\" height=\"150\" src=\"https:\/\/www.recherche-corse.fr\/wp-content\/uploads\/2011\/10\/14-INRA1-e1318020541113-124x150.jpg\" class=\"attachment-thumbnail size-thumbnail\" alt=\"\" aria-describedby=\"gallery-1-939\" \/><\/a>\n\t\t\t<\/dt>\n\t\t\t\t<dd class='wp-caption-text gallery-caption' id='gallery-1-939'>\n\t\t\t\t<a target=\"_blank\" href=\"http:\/\/www.recherche-corse.fr\/wp-content\/uploads\/2011\/10\/14-INRA.pdf\">SAN GIULIANO<\/a>\n\t\t\t\t<\/dd><\/dl><dl class='gallery-item'>\n\t\t\t<dt class='gallery-icon portrait'>\n\t\t\t\t<a href='https:\/\/www.recherche-corse.fr\/wp-content\/uploads\/2011\/10\/15-BRGM1.jpg'><img loading=\"lazy\" decoding=\"async\" width=\"124\" height=\"150\" src=\"https:\/\/www.recherche-corse.fr\/wp-content\/uploads\/2011\/10\/15-BRGM1-e1318020584348-124x150.jpg\" class=\"attachment-thumbnail size-thumbnail\" alt=\"\" aria-describedby=\"gallery-1-940\" \/><\/a>\n\t\t\t<\/dt>\n\t\t\t\t<dd class='wp-caption-text gallery-caption' id='gallery-1-940'>\n\t\t\t\t<a target=\"\u00e7blank\" href=\"http:\/\/www.recherche-corse.fr\/wp-content\/uploads\/2011\/10\/15-BRGM.pdf\">LE BRGM<\/a>\n\t\t\t\t<\/dd><\/dl><dl class='gallery-item'>\n\t\t\t<dt class='gallery-icon portrait'>\n\t\t\t\t<a href='https:\/\/www.recherche-corse.fr\/wp-content\/uploads\/2011\/10\/16-CRVI1.jpg'><img loading=\"lazy\" decoding=\"async\" width=\"124\" height=\"150\" src=\"https:\/\/www.recherche-corse.fr\/wp-content\/uploads\/2011\/10\/16-CRVI1-e1318020622759-124x150.jpg\" class=\"attachment-thumbnail size-thumbnail\" alt=\"\" aria-describedby=\"gallery-1-941\" \/><\/a>\n\t\t\t<\/dt>\n\t\t\t\t<dd class='wp-caption-text gallery-caption' id='gallery-1-941'>\n\t\t\t\t<a target=\"_blank\" href=\"http:\/\/www.recherche-corse.fr\/wp-content\/uploads\/2011\/10\/16-CRVI.pdf\">LE CRVI<\/a>\n\t\t\t\t<\/dd><\/dl><br style=\"clear: both\" \/><dl class='gallery-item'>\n\t\t\t<dt class='gallery-icon portrait'>\n\t\t\t\t<a href='https:\/\/www.recherche-corse.fr\/wp-content\/uploads\/2011\/10\/17-IFREMER1.jpg'><img loading=\"lazy\" decoding=\"async\" width=\"124\" height=\"150\" src=\"https:\/\/www.recherche-corse.fr\/wp-content\/uploads\/2011\/10\/17-IFREMER1-e1318020664538-124x150.jpg\" class=\"attachment-thumbnail size-thumbnail\" alt=\"\" aria-describedby=\"gallery-1-942\" \/><\/a>\n\t\t\t<\/dt>\n\t\t\t\t<dd class='wp-caption-text gallery-caption' id='gallery-1-942'>\n\t\t\t\t<a target=\"_blank\" href=\"http:\/\/www.recherche-corse.fr\/wp-content\/uploads\/2011\/10\/17-IFREMER.pdf\">IFREMER<\/a>\n\t\t\t\t<\/dd><\/dl><dl class='gallery-item'>\n\t\t\t<dt class='gallery-icon portrait'>\n\t\t\t\t<a href='https:\/\/www.recherche-corse.fr\/wp-content\/uploads\/2011\/10\/18-STARESO1.jpg'><img loading=\"lazy\" decoding=\"async\" width=\"124\" height=\"150\" src=\"https:\/\/www.recherche-corse.fr\/wp-content\/uploads\/2011\/10\/18-STARESO1-e1318020706860-124x150.jpg\" class=\"attachment-thumbnail size-thumbnail\" alt=\"\" aria-describedby=\"gallery-1-943\" \/><\/a>\n\t\t\t<\/dt>\n\t\t\t\t<dd class='wp-caption-text gallery-caption' id='gallery-1-943'>\n\t\t\t\t<a target=\"_blank\" href=\"http:\/\/www.recherche-corse.fr\/wp-content\/uploads\/2011\/10\/18-STARESO.pdf\">STARESO<\/a>\n\t\t\t\t<\/dd><\/dl><dl class='gallery-item'>\n\t\t\t<dt class='gallery-icon portrait'>\n\t\t\t\t<a href='https:\/\/www.recherche-corse.fr\/wp-content\/uploads\/2011\/10\/19-INSERM1.jpg'><img loading=\"lazy\" decoding=\"async\" width=\"124\" height=\"150\" src=\"https:\/\/www.recherche-corse.fr\/wp-content\/uploads\/2011\/10\/19-INSERM1-e1318020756483-124x150.jpg\" class=\"attachment-thumbnail size-thumbnail\" alt=\"\" aria-describedby=\"gallery-1-944\" \/><\/a>\n\t\t\t<\/dt>\n\t\t\t\t<dd class='wp-caption-text gallery-caption' id='gallery-1-944'>\n\t\t\t\t<a target=\"_blank\" href=\"http:\/\/www.recherche-corse.fr\/wp-content\/uploads\/2011\/10\/19-INSERM.pdf\">INSERM<\/a>\n\t\t\t\t<\/dd><\/dl><dl class='gallery-item'>\n\t\t\t<dt class='gallery-icon portrait'>\n\t\t\t\t<a href='https:\/\/www.recherche-corse.fr\/wp-content\/uploads\/2011\/10\/20-AUTRES-ACTEURS1.jpg'><img loading=\"lazy\" decoding=\"async\" width=\"124\" height=\"150\" src=\"https:\/\/www.recherche-corse.fr\/wp-content\/uploads\/2011\/10\/20-AUTRES-ACTEURS1-e1318020794371-124x150.jpg\" class=\"attachment-thumbnail size-thumbnail\" alt=\"\" aria-describedby=\"gallery-1-945\" \/><\/a>\n\t\t\t<\/dt>\n\t\t\t\t<dd class='wp-caption-text gallery-caption' id='gallery-1-945'>\n\t\t\t\t<a target=\"_blank\" href=\"http:\/\/www.recherche-corse.fr\/wp-content\/uploads\/2011\/10\/20-AUTRES-ACTEURS.pdf\">LES AUTRES ACTEURS<\/a>\n\t\t\t\t<\/dd><\/dl><br style=\"clear: both\" \/>\n\t\t<\/div>\n\n<p>&nbsp;<\/p>\n<p style=\"text-align: center;\"><span style=\"text-decoration: underline;\"><a href=\"http:\/\/www.recherche-corse.fr\/wp-content\/uploads\/2011\/10\/exposition.zip\" target=\"_blank\">T\u00e9l\u00e9charger l&rsquo;exposition compl\u00e8te<\/a><\/span> (format compress\u00e9 zip)<\/p>\n","protected":false},"excerpt":{"rendered":"<p>&nbsp; T\u00e9l\u00e9charger l&rsquo;exposition compl\u00e8te (format compress\u00e9 zip)<\/p>\n","protected":false},"author":1,"featured_media":0,"parent":0,"menu_order":0,"comment_status":"closed","ping_status":"closed","template":"","meta":{"footnotes":""},"class_list":["post-271","page","type-page","status-publish","hentry"],"_links":{"self":[{"href":"https:\/\/www.recherche-corse.fr\/index.php?rest_route=\/wp\/v2\/pages\/271","targetHints":{"allow":["GET"]}}],"collection":[{"href":"https:\/\/www.recherche-corse.fr\/index.php?rest_route=\/wp\/v2\/pages"}],"about":[{"href":"https:\/\/www.recherche-corse.fr\/index.php?rest_route=\/wp\/v2\/types\/page"}],"author":[{"embeddable":true,"href":"https:\/\/www.recherche-corse.fr\/index.php?rest_route=\/wp\/v2\/users\/1"}],"replies":[{"embeddable":true,"href":"https:\/\/www.recherche-corse.fr\/index.php?rest_route=%2Fwp%2Fv2%2Fcomments&post=271"}],"version-history":[{"count":53,"href":"https:\/\/www.recherche-corse.fr\/index.php?rest_route=\/wp\/v2\/pages\/271\/revisions"}],"predecessor-version":[{"id":460,"href":"https:\/\/www.recherche-corse.fr\/index.php?rest_route=\/wp\/v2\/pages\/271\/revisions\/460"}],"wp:attachment":[{"href":"https:\/\/www.recherche-corse.fr\/index.php?rest_route=%2Fwp%2Fv2%2Fmedia&parent=271"}],"curies":[{"name":"wp","href":"https:\/\/api.w.org\/{rel}","templated":true}]}}