{"id":276,"date":"2011-10-04T08:58:54","date_gmt":"2011-10-04T08:58:54","guid":{"rendered":"http:\/\/www.recherche-corse.fr\/?page_id=276"},"modified":"2011-10-07T13:14:13","modified_gmt":"2011-10-07T13:14:13","slug":"stareso","status":"publish","type":"page","link":"https:\/\/www.recherche-corse.fr\/?page_id=276","title":{"rendered":"18 &#8211; STARESO"},"content":{"rendered":"<p>&nbsp;<\/p>\n<blockquote>\n<div class=\"mceTemp\" style=\"text-align: center;\">\n<dl id=\"attachment_499\" class=\"wp-caption alignright\" style=\"width: 280px;\">\n<dt class=\"wp-caption-dt\"><a href=\"http:\/\/www.recherche-corse.fr\/wp-content\/uploads\/2011\/10\/18-STARESO.jpg\"><img loading=\"lazy\" decoding=\"async\" class=\"size-full wp-image-499 \" title=\"18-STARESO\" src=\"http:\/\/www.recherche-corse.fr\/wp-content\/uploads\/2011\/10\/18-STARESO.jpg\" alt=\"\" width=\"270\" height=\"640\" \/><\/a><\/dt>\n<dd class=\"wp-caption-dd\"><a href=\"http:\/\/www.recherche-corse.fr\/wp-content\/uploads\/2011\/10\/18-STARESO.pdf\" target=\"_blank\">T\u00c9L\u00c9CHARGER LE PDF<\/a><\/dd>\n<\/dl>\n<\/div>\n<p><strong>Base scientifique fond\u00e9e en 1972 par l\u2019Universit\u00e9 de Li\u00e8ge, la STARESO (Station de Recherches Sous-Marines et Oc\u00e9anographique) est devenue, depuis 1989, un organisme corse situ\u00e9 sur la commune de Calvi \u00e0 l\u2019extr\u00e9mit\u00e9 de la pointe de la Revellata.<\/strong><\/p><\/blockquote>\n<p>En partenariat avec de nombreuses universit\u00e9s et organismes internationaux, mais aussi localement avec l\u2019Universit\u00e9 de Corse, l\u2019IFREMER et la CTC, STARESO poursuit diff\u00e9rents programmes de recherche marine cibl\u00e9s sur la Corse :<\/p>\n<ul>\n<li><strong>r\u00e9alisation du suivi scientifique des ressources de la p\u00eache en Corse ;<\/strong><\/li>\n<\/ul>\n<ul>\n<li><strong>d\u00e9veloppement d\u2019\u00e9tudes visant \u00e0 identifier des bio-indicateurs de la qualit\u00e9 du milieu marin littoral ;<\/strong><\/li>\n<\/ul>\n<ul>\n<li><strong>mise en \u0153uvre de technologies nouvelles pour la mesure des houles \u00e0 longue distance, la r\u00e9alisation de r\u00e9cifs artificiels par accr\u00e9tion, la cartographie des fonds\u2026<\/strong><\/li>\n<\/ul>\n<ul>\n<li><strong>\u00e9tude des grands habitats sous-marins m\u00e9diterran\u00e9ens dont les fonds s\u00e9dimentaires avec l\u2019herbier de posidonie, la colonne d\u2019eau avec le plancton,\u00a0 les fonds rocheux avec le corallig\u00e8ne\u2026<\/strong><\/li>\n<\/ul>\n<h4>Le Projet STARE-CAPMED<\/h4>\n<p><strong>STA<\/strong>tion of <strong>R<\/strong>eference and r<strong>E<\/strong>search on <strong>C<\/strong>hange of local and global <strong>A<\/strong>nthropogenic <strong>P<\/strong>ressures on <strong>M<\/strong>editerranean <strong>E<\/strong>cosystems <strong>D<\/strong>rifts<br \/>\nCe projet s\u2019appuie sur la base de donn\u00e9es acquises par STARESO depuis plus de 40 ann\u00e9es. Il a pour objectif la r\u00e9alisation d\u2019un site r\u00e9f\u00e9rence permettant de mieux comprendre l\u2019\u00e9volution des \u00e9cosyst\u00e8mes m\u00e9diterran\u00e9ens soumis aux pressions des activit\u00e9s humaines locales et globales (changement climatique).<\/p>\n<p>Quelques programmes men\u00e9s dans le cadre du projet\u00a0 STARE-CAPMED :<\/p>\n<ul>\n<li>\u00e9tude de l\u2019\u00e9volution des grands \u00e9cosyst\u00e8mes c\u00f4tiers et du large ;<\/li>\n<\/ul>\n<ul>\n<li>mod\u00e9lisation des masses d\u2019eau et courants ;<\/li>\n<\/ul>\n<ul>\n<li>bilan carbone des \u00e9cosyst\u00e8mes.<\/li>\n<\/ul>\n","protected":false},"excerpt":{"rendered":"<p>&nbsp; T\u00c9L\u00c9CHARGER LE PDF Base scientifique fond\u00e9e en 1972 par l\u2019Universit\u00e9 de Li\u00e8ge, la STARESO (Station de Recherches Sous-Marines et Oc\u00e9anographique) est devenue, depuis 1989, un organisme corse situ\u00e9 sur la commune de Calvi \u00e0 l\u2019extr\u00e9mit\u00e9 de la pointe de la Revellata. En partenariat avec de nombreuses universit\u00e9s et organismes internationaux, mais aussi localement avec [&hellip;]<\/p>\n","protected":false},"author":1,"featured_media":0,"parent":0,"menu_order":18,"comment_status":"closed","ping_status":"closed","template":"","meta":{"footnotes":""},"class_list":["post-276","page","type-page","status-publish","hentry"],"_links":{"self":[{"href":"https:\/\/www.recherche-corse.fr\/index.php?rest_route=\/wp\/v2\/pages\/276","targetHints":{"allow":["GET"]}}],"collection":[{"href":"https:\/\/www.recherche-corse.fr\/index.php?rest_route=\/wp\/v2\/pages"}],"about":[{"href":"https:\/\/www.recherche-corse.fr\/index.php?rest_route=\/wp\/v2\/types\/page"}],"author":[{"embeddable":true,"href":"https:\/\/www.recherche-corse.fr\/index.php?rest_route=\/wp\/v2\/users\/1"}],"replies":[{"embeddable":true,"href":"https:\/\/www.recherche-corse.fr\/index.php?rest_route=%2Fwp%2Fv2%2Fcomments&post=276"}],"version-history":[{"count":17,"href":"https:\/\/www.recherche-corse.fr\/index.php?rest_route=\/wp\/v2\/pages\/276\/revisions"}],"predecessor-version":[{"id":352,"href":"https:\/\/www.recherche-corse.fr\/index.php?rest_route=\/wp\/v2\/pages\/276\/revisions\/352"}],"wp:attachment":[{"href":"https:\/\/www.recherche-corse.fr\/index.php?rest_route=%2Fwp%2Fv2%2Fmedia&parent=276"}],"curies":[{"name":"wp","href":"https:\/\/api.w.org\/{rel}","templated":true}]}}