{"id":280,"date":"2011-10-04T09:00:29","date_gmt":"2011-10-04T09:00:29","guid":{"rendered":"http:\/\/www.recherche-corse.fr\/?page_id=280"},"modified":"2011-10-07T13:11:35","modified_gmt":"2011-10-07T13:11:35","slug":"ifremer","status":"publish","type":"page","link":"https:\/\/www.recherche-corse.fr\/?page_id=280","title":{"rendered":"17 &#8211; IFREMER"},"content":{"rendered":"<p>&nbsp;<\/p>\n<blockquote>\n<div class=\"mceTemp\" style=\"text-align: center;\">\n<dl id=\"attachment_498\" class=\"wp-caption alignright\" style=\"width: 280px;\">\n<dt class=\"wp-caption-dt\"><a href=\"http:\/\/www.recherche-corse.fr\/wp-content\/uploads\/2011\/10\/17-IFREMER.jpg\"><img loading=\"lazy\" decoding=\"async\" class=\"size-full wp-image-498 \" title=\"17-IFREMER\" src=\"http:\/\/www.recherche-corse.fr\/wp-content\/uploads\/2011\/10\/17-IFREMER.jpg\" alt=\"\" width=\"270\" height=\"640\" \/><\/a><\/dt>\n<dd class=\"wp-caption-dd\"><a href=\"http:\/\/www.recherche-corse.fr\/wp-content\/uploads\/2011\/10\/17-IFREMER.pdf\" target=\"_blank\">T\u00c9L\u00c9CHARGER LE PDF<\/a><\/dd>\n<\/dl>\n<\/div>\n<p><strong>Cr\u00e9\u00e9 en 1984, l\u2019institut fran\u00e7ais de recherche pour l&rsquo;exploitation de la mer\u00a0 est un \u00e9tablissement public qui contribue, par ses travaux et expertises, \u00e0 la connaissance des oc\u00e9ans et de leurs ressources, \u00e0 la surveillance du milieu marin et du littoral ainsi qu\u2019au d\u00e9veloppement durable des activit\u00e9s maritimes.<\/strong><\/p><\/blockquote>\n<p>L\u2019IFREMER\u00a0 met en \u0153uvre une recherche finalis\u00e9e afin de r\u00e9pondre aux questions soci\u00e9tales actuelles (effets du changement climatique, biodiversit\u00e9 marine, pr\u00e9vention des pollutions, qualit\u00e9 des produits de la mer\u2026). Les r\u00e9sultats couvrent la connaissance scientifique, les innovations technologiques ou les syst\u00e8mes d&rsquo;observation et d&rsquo;exploration de l&rsquo;oc\u00e9an.<br \/>\nL\u2019institut travaille en partenariat avec la communaut\u00e9 scientifique fran\u00e7aise et internationale. En Corse, l\u2019\u00e9tablissement est situ\u00e9 \u00e0 Bastia et d\u00e9veloppe plusieurs axes de recherche en particulier avec l\u2019Universit\u00e9 de Corse.<\/p>\n<h4>SUIVI DE LA QUALIT\u00c9 DES PRODUCTIONS R\u00c9GIONALES<\/h4>\n<p>Avec un suivi du phytoplancton, des microorganismes pathog\u00e8nes, des p\u00eacheries\u00a0 et des mortalit\u00e9s\u00a0 accidentelles\u00a0 dans les lagunes de Diana et Urbino,\u00a0 le laboratoire assure la surveillance des productions lagunaires et la qualit\u00e9 des produits ostr\u00e9icoles et mytilicoles (hu\u00eetres et moules).<\/p>\n<h4>COMPR\u00c9HENSION DES M\u00c9CANISMES DE FONCTIONNEMENT DES \u00c9COSYST\u00c8MES LAGUNAIRES ET C\u00d4TIERS<\/h4>\n<p>Dans le cadre de la collaboration avec l&rsquo;Universit\u00e9 de Corse, les travaux portent sur la compr\u00e9hension du fonctionnement des milieux lagunaires notamment pour la production primaire mais \u00e9galement sur le suivi des p\u00eacheries. En mer, le laboratoire contribue au d\u00e9veloppement de mod\u00e8les de circulation des eaux c\u00f4ti\u00e8res\u00a0 pour la compr\u00e9hension des m\u00e9canismes de transport du plancton.<\/p>\n<h4>PROTECTION DE L&rsquo;ENVIRONNEMENT<\/h4>\n<p>Le laboratoire assure la mise en oeuvre de la directive cadre sur l&rsquo;eau qui permet de caract\u00e9riser l&rsquo;\u00e9tat de l&rsquo;environnement et son suivi. Dans le cadre de collaborations avec l&rsquo;Office de l&rsquo;Environnement, l&rsquo;Universit\u00e9 de Corse,\u00a0 l\u2019Universit\u00e9 de Cagliari et\u00a0 les instituts de recherche de Toscane (Lamma et CIBM),\u00a0 il intervient\u00a0 dans l&rsquo;\u00e9valuation de la contamination chimique du littoral corse et\u00a0 participe aux travaux de mod\u00e9lisation\u00a0 pour l&rsquo;\u00e9valuation de l&rsquo;\u00e9tat et\u00a0 la dispersion des pollutions\u00a0 (hydrocarbures, d\u00e9chets).<\/p>\n","protected":false},"excerpt":{"rendered":"<p>&nbsp; T\u00c9L\u00c9CHARGER LE PDF Cr\u00e9\u00e9 en 1984, l\u2019institut fran\u00e7ais de recherche pour l&rsquo;exploitation de la mer\u00a0 est un \u00e9tablissement public qui contribue, par ses travaux et expertises, \u00e0 la connaissance des oc\u00e9ans et de leurs ressources, \u00e0 la surveillance du milieu marin et du littoral ainsi qu\u2019au d\u00e9veloppement durable des activit\u00e9s maritimes. L\u2019IFREMER\u00a0 met en [&hellip;]<\/p>\n","protected":false},"author":1,"featured_media":0,"parent":0,"menu_order":17,"comment_status":"closed","ping_status":"closed","template":"","meta":{"footnotes":""},"class_list":["post-280","page","type-page","status-publish","hentry"],"_links":{"self":[{"href":"https:\/\/www.recherche-corse.fr\/index.php?rest_route=\/wp\/v2\/pages\/280","targetHints":{"allow":["GET"]}}],"collection":[{"href":"https:\/\/www.recherche-corse.fr\/index.php?rest_route=\/wp\/v2\/pages"}],"about":[{"href":"https:\/\/www.recherche-corse.fr\/index.php?rest_route=\/wp\/v2\/types\/page"}],"author":[{"embeddable":true,"href":"https:\/\/www.recherche-corse.fr\/index.php?rest_route=\/wp\/v2\/users\/1"}],"replies":[{"embeddable":true,"href":"https:\/\/www.recherche-corse.fr\/index.php?rest_route=%2Fwp%2Fv2%2Fcomments&post=280"}],"version-history":[{"count":17,"href":"https:\/\/www.recherche-corse.fr\/index.php?rest_route=\/wp\/v2\/pages\/280\/revisions"}],"predecessor-version":[{"id":354,"href":"https:\/\/www.recherche-corse.fr\/index.php?rest_route=\/wp\/v2\/pages\/280\/revisions\/354"}],"wp:attachment":[{"href":"https:\/\/www.recherche-corse.fr\/index.php?rest_route=%2Fwp%2Fv2%2Fmedia&parent=280"}],"curies":[{"name":"wp","href":"https:\/\/api.w.org\/{rel}","templated":true}]}}