{"id":287,"date":"2011-10-04T09:15:42","date_gmt":"2011-10-04T09:15:42","guid":{"rendered":"http:\/\/www.recherche-corse.fr\/?page_id=287"},"modified":"2011-10-07T14:51:25","modified_gmt":"2011-10-07T14:51:25","slug":"le-brgm","status":"publish","type":"page","link":"https:\/\/www.recherche-corse.fr\/?page_id=287","title":{"rendered":"15 &#8211; LE BRGM"},"content":{"rendered":"<p>&nbsp;<\/p>\n<blockquote>\n<div class=\"mceTemp\" style=\"text-align: center;\">\n<dl id=\"attachment_496\" class=\"wp-caption alignright\" style=\"width: 280px;\">\n<dt class=\"wp-caption-dt\"><a href=\"http:\/\/www.recherche-corse.fr\/wp-content\/uploads\/2011\/10\/15-BRGM.jpg\"><img loading=\"lazy\" decoding=\"async\" class=\"size-full wp-image-496 \" title=\"15-BRGM\" src=\"http:\/\/www.recherche-corse.fr\/wp-content\/uploads\/2011\/10\/15-BRGM.jpg\" alt=\"\" width=\"270\" height=\"640\" \/><\/a><\/dt>\n<dd class=\"wp-caption-dd\"><a href=\"http:\/\/www.recherche-corse.fr\/wp-content\/uploads\/2011\/10\/15-BRGM.pdf\" target=\"_blank\">T\u00c9L\u00c9CHARGER LE PDF<\/a><\/dd>\n<\/dl>\n<\/div>\n<p><strong>Le Bureau de Recherches G\u00e9ologiques et Mini\u00e8res est l\u2019\u00e9tablissement public de r\u00e9f\u00e9rence dans les applications des sciences de la terre pour g\u00e9rer les ressources et les risques du sol et du sous-sol. Ses actions s\u2019articulent autour de quatre missions :<\/strong><\/p><\/blockquote>\n<ul>\n<li>la recherche scientifique ;<\/li>\n<\/ul>\n<ul>\n<li>l\u2019observation et l\u2019expertise en appui aux politiques publiques ;<\/li>\n<\/ul>\n<ul>\n<li>la coop\u00e9ration internationale ;<\/li>\n<\/ul>\n<ul>\n<li>la surveillance des anciens sites miniers et actions de pr\u00e9vention des risques.<\/li>\n<\/ul>\n<p>L\u2019activit\u00e9 du Service G\u00e9ologique R\u00e9gional de Corse, bas\u00e9 \u00e0 Bastia, s\u2019appuie sur deux th\u00e9matiques \u00ab phares \u00bb : <strong>les ressources en eaux souterraines et le milieu littoral et marin<\/strong>. D\u2019autres th\u00e9matiques sont \u00e9galement trait\u00e9es.<\/p>\n<h4><\/h4>\n<h4>LES EAUX SOUTERRAINES<\/h4>\n<p>Les travaux men\u00e9s consistent \u00e0 suivre l\u2019\u00e9tat quantitatif de la ressource en eau et d\u2019am\u00e9liorer la compr\u00e9hension des structures et des fonctionnements des aquif\u00e8res afin de permettre une bonne gestion de la ressource en eau.<\/p>\n<h4>LA CARTOGRAPHIE G\u00c9OLOGIQUE<\/h4>\n<p>Dans notre r\u00e9gion comme partout en France, le BRGM assure la r\u00e9alisation des diff\u00e9rentes cartes g\u00e9ologiques.<\/p>\n<h4>LES RISQUES NATURELS<\/h4>\n<p>En Corse, le BRGM intervient sur diff\u00e9rents th\u00e8mes : la compr\u00e9hension des ph\u00e9nom\u00e8nes d\u2019\u00e9rosion du littoral et de submersion marine, la probl\u00e9matique de l\u2019amiante environnementale naturelle, sur les \u00e9manations de radon et entre autres, sur les mouvements de terrain : gonflement des argiles, cavit\u00e9 souterraine, chute de blocs, etc.<\/p>\n","protected":false},"excerpt":{"rendered":"<p>&nbsp; T\u00c9L\u00c9CHARGER LE PDF Le Bureau de Recherches G\u00e9ologiques et Mini\u00e8res est l\u2019\u00e9tablissement public de r\u00e9f\u00e9rence dans les applications des sciences de la terre pour g\u00e9rer les ressources et les risques du sol et du sous-sol. Ses actions s\u2019articulent autour de quatre missions : la recherche scientifique ; l\u2019observation et l\u2019expertise en appui aux politiques [&hellip;]<\/p>\n","protected":false},"author":1,"featured_media":0,"parent":0,"menu_order":15,"comment_status":"closed","ping_status":"closed","template":"","meta":{"footnotes":""},"class_list":["post-287","page","type-page","status-publish","hentry"],"_links":{"self":[{"href":"https:\/\/www.recherche-corse.fr\/index.php?rest_route=\/wp\/v2\/pages\/287","targetHints":{"allow":["GET"]}}],"collection":[{"href":"https:\/\/www.recherche-corse.fr\/index.php?rest_route=\/wp\/v2\/pages"}],"about":[{"href":"https:\/\/www.recherche-corse.fr\/index.php?rest_route=\/wp\/v2\/types\/page"}],"author":[{"embeddable":true,"href":"https:\/\/www.recherche-corse.fr\/index.php?rest_route=\/wp\/v2\/users\/1"}],"replies":[{"embeddable":true,"href":"https:\/\/www.recherche-corse.fr\/index.php?rest_route=%2Fwp%2Fv2%2Fcomments&post=287"}],"version-history":[{"count":16,"href":"https:\/\/www.recherche-corse.fr\/index.php?rest_route=\/wp\/v2\/pages\/287\/revisions"}],"predecessor-version":[{"id":360,"href":"https:\/\/www.recherche-corse.fr\/index.php?rest_route=\/wp\/v2\/pages\/287\/revisions\/360"}],"wp:attachment":[{"href":"https:\/\/www.recherche-corse.fr\/index.php?rest_route=%2Fwp%2Fv2%2Fmedia&parent=287"}],"curies":[{"name":"wp","href":"https:\/\/api.w.org\/{rel}","templated":true}]}}