{"id":291,"date":"2011-10-04T09:17:02","date_gmt":"2011-10-04T09:17:02","guid":{"rendered":"http:\/\/www.recherche-corse.fr\/?page_id=291"},"modified":"2011-10-07T14:50:30","modified_gmt":"2011-10-07T14:50:30","slug":"linra","status":"publish","type":"page","link":"https:\/\/www.recherche-corse.fr\/?page_id=291","title":{"rendered":"14 &#8211; SAN GIULIANO \u2013 UNIT\u00c9 DE RECHERCHE G\u00c9N\u00c9TIQUE ET \u00c9COPHYSIOLOGIE DE LA QUALIT\u00c9 DES AGRUMES."},"content":{"rendered":"<blockquote>\n<div class=\"mceTemp\" style=\"text-align: center;\">\n<dl id=\"attachment_495\" class=\"wp-caption alignright\" style=\"width: 280px;\">\n<dt class=\"wp-caption-dt\"><a href=\"http:\/\/www.recherche-corse.fr\/wp-content\/uploads\/2011\/10\/14-INRA.jpg\"><img loading=\"lazy\" decoding=\"async\" class=\"size-full wp-image-495 \" title=\"14-INRA\" src=\"http:\/\/www.recherche-corse.fr\/wp-content\/uploads\/2011\/10\/14-INRA.jpg\" alt=\"\" width=\"270\" height=\"640\" \/><\/a><\/dt>\n<dd class=\"wp-caption-dd\"><a href=\"http:\/\/www.recherche-corse.fr\/wp-content\/uploads\/2011\/10\/14-INRA.pdf\" target=\"_blank\">T\u00c9L\u00c9CHARGER LE PDF<\/a><\/dd>\n<\/dl>\n<\/div>\n<p><strong>Le p\u00f4le scientifique de la plaine orientale conduit une action centr\u00e9e sur la fili\u00e8re agrumicole et l\u2019am\u00e9lioration de la qualit\u00e9 des agrumes \u00e0 travers deux objectifs fondamentaux :<\/strong><\/p><\/blockquote>\n<ul>\n<li>la compr\u00e9hension des processus permettant l\u2019\u00e9laboration d\u2019agrumes de qualit\u00e9. Ce travail est bas\u00e9, en particulier, sur l\u2019identification de marqueurs g\u00e9n\u00e9tiques et environnementaux ;<\/li>\n<\/ul>\n<ul>\n<li>la conception d\u2019itin\u00e9raires techniques innovants \u00e9labor\u00e9s en association avec les acteurs de la fili\u00e8re.<\/li>\n<\/ul>\n<p>L\u2019Inra coop\u00e8re avec de nombreux partenaires, notamment l\u2019Universit\u00e9 de Corse et le Cirad, Centre de coop\u00e9ration internationale en recherche agronomique pour le d\u00e9veloppement, mais aussi avec des acteurs locaux de l\u2019exp\u00e9rimentation et du d\u00e9veloppement comme l\u2019Areflec, l&rsquo;Association R\u00e9gionale d&rsquo;Exp\u00e9rimentation en Fruits et L\u00e9gumes en Corse, et des op\u00e9rateurs socio-\u00e9conomiques de la fili\u00e8re agrumes.<\/p>\n<p>Depuis plusieurs ann\u00e9es, une collaboration fructue<\/p>\n","protected":false},"excerpt":{"rendered":"<p>T\u00c9L\u00c9CHARGER LE PDF Le p\u00f4le scientifique de la plaine orientale conduit une action centr\u00e9e sur la fili\u00e8re agrumicole et l\u2019am\u00e9lioration de la qualit\u00e9 des agrumes \u00e0 travers deux objectifs fondamentaux : la compr\u00e9hension des processus permettant l\u2019\u00e9laboration d\u2019agrumes de qualit\u00e9. Ce travail est bas\u00e9, en particulier, sur l\u2019identification de marqueurs g\u00e9n\u00e9tiques et environnementaux ; la [&hellip;]<\/p>\n","protected":false},"author":1,"featured_media":0,"parent":0,"menu_order":14,"comment_status":"closed","ping_status":"closed","template":"","meta":{"footnotes":""},"class_list":["post-291","page","type-page","status-publish","hentry"],"_links":{"self":[{"href":"https:\/\/www.recherche-corse.fr\/index.php?rest_route=\/wp\/v2\/pages\/291","targetHints":{"allow":["GET"]}}],"collection":[{"href":"https:\/\/www.recherche-corse.fr\/index.php?rest_route=\/wp\/v2\/pages"}],"about":[{"href":"https:\/\/www.recherche-corse.fr\/index.php?rest_route=\/wp\/v2\/types\/page"}],"author":[{"embeddable":true,"href":"https:\/\/www.recherche-corse.fr\/index.php?rest_route=\/wp\/v2\/users\/1"}],"replies":[{"embeddable":true,"href":"https:\/\/www.recherche-corse.fr\/index.php?rest_route=%2Fwp%2Fv2%2Fcomments&post=291"}],"version-history":[{"count":16,"href":"https:\/\/www.recherche-corse.fr\/index.php?rest_route=\/wp\/v2\/pages\/291\/revisions"}],"predecessor-version":[{"id":367,"href":"https:\/\/www.recherche-corse.fr\/index.php?rest_route=\/wp\/v2\/pages\/291\/revisions\/367"}],"wp:attachment":[{"href":"https:\/\/www.recherche-corse.fr\/index.php?rest_route=%2Fwp%2Fv2%2Fmedia&parent=291"}],"curies":[{"name":"wp","href":"https:\/\/api.w.org\/{rel}","templated":true}]}}