{"id":298,"date":"2011-10-04T09:19:54","date_gmt":"2011-10-04T09:19:54","guid":{"rendered":"http:\/\/www.recherche-corse.fr\/?page_id=298"},"modified":"2011-10-07T12:47:51","modified_gmt":"2011-10-07T12:47:51","slug":"stellamare","status":"publish","type":"page","link":"https:\/\/www.recherche-corse.fr\/?page_id=298","title":{"rendered":"12 &#8211; L\u2019UMS STELLA MARE, PLATEFORME MARINE EN CORSE"},"content":{"rendered":"<blockquote>\n<div class=\"mceTemp\" style=\"text-align: center;\">\n<dl id=\"attachment_491\" class=\"wp-caption alignright\" style=\"width: 280px;\">\n<dt class=\"wp-caption-dt\"><a href=\"http:\/\/www.recherche-corse.fr\/wp-content\/uploads\/2011\/10\/12-STELLAMARE.jpg\"><img loading=\"lazy\" decoding=\"async\" class=\"size-full wp-image-491 \" title=\"12-STELLAMARE\" src=\"http:\/\/www.recherche-corse.fr\/wp-content\/uploads\/2011\/10\/12-STELLAMARE.jpg\" alt=\"\" width=\"270\" height=\"640\" \/><\/a><\/dt>\n<dd class=\"wp-caption-dd\"><a href=\"http:\/\/www.recherche-corse.fr\/wp-content\/uploads\/2011\/10\/12-STELLAMARE.pdf\" target=\"_blank\">T\u00c9L\u00c9CHARGER LE PDF<\/a><\/dd>\n<\/dl>\n<\/div>\n<p>Afin de cr\u00e9er les conditions d\u2019une ma\u00eetrise et d\u2019une gestion int\u00e9gr\u00e9e des ressources halieutiques et littorales de Corse, l\u2019Universit\u00e9 Pasquale Paoli a souhait\u00e9 r\u00e9aliser le projet <strong>STELLA MARE<\/strong> (<strong>S<\/strong>ustainable <strong>TE<\/strong>chnologies for <strong>L<\/strong>ittoraL <strong>A<\/strong>quaculture and <strong>MA<\/strong>rine <strong>RE<\/strong>search).<\/p><\/blockquote>\n<p>Cet outil de recherche et d\u2019innovation labellis\u00e9 au niveau national et international (CNRS-INEE, P\u00f4le de comp\u00e9titivit\u00e9 Mer Paca, P\u00f4le de Recherche Euro-M\u00e9diterran\u00e9en, R\u00e9seau d\u2019Excellence des Territoires Insulaires), au service d\u2019un d\u00e9veloppement \u00e9conomique durable et respectueux de l\u2019environnement, permettra :<\/p>\n<ul>\n<li>la r\u00e9duction de la d\u00e9gradation des \u00e9cosyst\u00e8mes et de la biodiversit\u00e9 et donc la lutte contre la rar\u00e9faction de la ressource ;<\/li>\n<\/ul>\n<ul>\n<li>la restauration des p\u00eacheries \u00e0 un niveau optimal et viable de production ;<\/li>\n<\/ul>\n<ul>\n<li>l\u2019\u00e9levage d\u2019esp\u00e8ces du littoral par la mise au point de nouvelles techniques de production aquacole.<\/li>\n<\/ul>\n<p>Pour atteindre ces objectifs, la plateforme STELLA MARE regroupera sur un m\u00eame site (Biguglia, Haute-Corse) :<\/p>\n<ul>\n<li>un p\u00f4le de transfert de technologie en aquaculture durable, o\u00f9 seront \u00e9tudi\u00e9es les techniques de production (\u00e9closeries\u2026) et d\u2019\u00e9levage de diff\u00e9rentes esp\u00e8ces du littoral corse (poissons, mollusques, crustac\u00e9s\u2026) ;<\/li>\n<\/ul>\n<ul>\n<li>un p\u00f4le de recherche fondamentale et appliqu\u00e9e sur le milieu marin et littoral ax\u00e9 sur cinq th\u00e9matiques (oc\u00e9anographie, ressources halieutiques, aquaculture, biologie marine, \u00e9cosyst\u00e8mes littoraux) ;<\/li>\n<\/ul>\n<ul>\n<li>un p\u00f4le de sensibilisation pour les professionnels et jeunes chercheurs, avec possibilit\u00e9 de faire visiter, aux \u00e9tudiants et aux \u00e9coliers, les aqualabs (aquariums-laboratoires) du p\u00f4le de transfert de technologie et les laboratoires de recherche, selon le principe de la \u00ab Science en action \u00bb.<\/li>\n<\/ul>\n<p>STELLA MARE b\u00e9n\u00e9ficie du soutien de tr\u00e8s nombreux partenaires institutionnels et\u00a0 financiers (CTC, \u00c9tat, Union Europ\u00e9enne) mais aussi professionnels (Comit\u00e9 R\u00e9gional des P\u00eaches Maritimes et des \u00c9levages Marins de Corse, Syndicat des Aquaculteurs corses) et scientifiques (CNRS, Universit\u00e9s nationales et europ\u00e9ennes, Centres de recherche internationaux).<\/p>\n","protected":false},"excerpt":{"rendered":"<p>T\u00c9L\u00c9CHARGER LE PDF Afin de cr\u00e9er les conditions d\u2019une ma\u00eetrise et d\u2019une gestion int\u00e9gr\u00e9e des ressources halieutiques et littorales de Corse, l\u2019Universit\u00e9 Pasquale Paoli a souhait\u00e9 r\u00e9aliser le projet STELLA MARE (Sustainable TEchnologies for LittoraL Aquaculture and MArine REsearch). Cet outil de recherche et d\u2019innovation labellis\u00e9 au niveau national et international (CNRS-INEE, P\u00f4le de comp\u00e9titivit\u00e9 [&hellip;]<\/p>\n","protected":false},"author":1,"featured_media":0,"parent":0,"menu_order":12,"comment_status":"closed","ping_status":"closed","template":"","meta":{"footnotes":""},"class_list":["post-298","page","type-page","status-publish","hentry"],"_links":{"self":[{"href":"https:\/\/www.recherche-corse.fr\/index.php?rest_route=\/wp\/v2\/pages\/298","targetHints":{"allow":["GET"]}}],"collection":[{"href":"https:\/\/www.recherche-corse.fr\/index.php?rest_route=\/wp\/v2\/pages"}],"about":[{"href":"https:\/\/www.recherche-corse.fr\/index.php?rest_route=\/wp\/v2\/types\/page"}],"author":[{"embeddable":true,"href":"https:\/\/www.recherche-corse.fr\/index.php?rest_route=\/wp\/v2\/users\/1"}],"replies":[{"embeddable":true,"href":"https:\/\/www.recherche-corse.fr\/index.php?rest_route=%2Fwp%2Fv2%2Fcomments&post=298"}],"version-history":[{"count":13,"href":"https:\/\/www.recherche-corse.fr\/index.php?rest_route=\/wp\/v2\/pages\/298\/revisions"}],"predecessor-version":[{"id":372,"href":"https:\/\/www.recherche-corse.fr\/index.php?rest_route=\/wp\/v2\/pages\/298\/revisions\/372"}],"wp:attachment":[{"href":"https:\/\/www.recherche-corse.fr\/index.php?rest_route=%2Fwp%2Fv2%2Fmedia&parent=298"}],"curies":[{"name":"wp","href":"https:\/\/api.w.org\/{rel}","templated":true}]}}