{"id":301,"date":"2011-10-04T09:20:42","date_gmt":"2011-10-04T09:20:42","guid":{"rendered":"http:\/\/www.recherche-corse.fr\/?page_id=301"},"modified":"2011-10-07T12:44:26","modified_gmt":"2011-10-07T12:44:26","slug":"vignola","status":"publish","type":"page","link":"https:\/\/www.recherche-corse.fr\/?page_id=301","title":{"rendered":"11 &#8211; LA  PLATEFORME DE RECHERCHE ET D\u00c9VELOPPEMENT D\u00c9DI\u00c9E AUX \u00c9NERGIES RENOUVELABLES ET AU STOCKAGE DE L\u2019\u00c9NERGIE DE VIGNOLA"},"content":{"rendered":"<blockquote>\n<div class=\"mceTemp\" style=\"text-align: center;\">\n<dl id=\"attachment_490\" class=\"wp-caption alignright\" style=\"width: 280px;\">\n<dt class=\"wp-caption-dt\"><a href=\"http:\/\/www.recherche-corse.fr\/wp-content\/uploads\/2011\/10\/11-VIGNOLA.jpg\"><img loading=\"lazy\" decoding=\"async\" class=\"size-full wp-image-490 \" title=\"11-VIGNOLA\" src=\"http:\/\/www.recherche-corse.fr\/wp-content\/uploads\/2011\/10\/11-VIGNOLA.jpg\" alt=\"\" width=\"270\" height=\"640\" \/><\/a><\/dt>\n<dd class=\"wp-caption-dd\"><a href=\"http:\/\/www.recherche-corse.fr\/wp-content\/uploads\/2011\/10\/11-VIGNOLA.pdf\" target=\"_blank\">T\u00c9L\u00c9CHARGER LE PDF<\/a><\/dd>\n<\/dl>\n<\/div>\n<p>Comment convertir l&rsquo;\u00e9nergie issue du soleil, soumise aux variations journali\u00e8res et annuelles, en source \u00e9lectrique disponible \u00e0 tout moment et comment int\u00e9grer, de mani\u00e8re massive, cette \u00e9nergie dans le r\u00e9seau \u00e9lectrique insulaire ?<\/p><\/blockquote>\n<p>Afin de r\u00e9pondre \u00e0 cette probl\u00e9matique et permettre de satisfaire aux besoins \u00e9nerg\u00e9tiques de la Corse en mobilisant des \u00e9nergies renouvelables, l\u2019Universit\u00e9 de Corse et ses partenaires publics et priv\u00e9s (CEA*, HELION**, EDF) d\u00e9veloppent, sur le site de Vignola, pr\u00e8s d\u2019Ajaccio, un concept novateur associant ENR et stockage de l\u2019\u00e9nergie \u00e9lectrique :<\/p>\n<ul>\n<li><strong>une plateforme technique, appel\u00e9e MYRTE\u00a0 (Mission hYdrog\u00e8ne Renouvelable pour l\u2019inT\u00e9gration au r\u00e9seau Electrique)<\/strong>. Une centrale photovolta\u00efque alimente un \u00e9lectrolyseur destin\u00e9 \u00e0 produire l\u2019hydrog\u00e8ne n\u00e9cessaire au fonctionnement d\u2019une pile \u00e0 combustible. Elle comporte un syst\u00e8me de stockage d\u2019hydrog\u00e8ne, d\u2019oxyg\u00e8ne, d\u2019eau et de chaleur, un syst\u00e8me de gestion de l\u2019\u00e9nergie et de commande, une pile \u00e0 combustible d\u2019une puissance de 200 kW. L\u2019\u00e9nergie \u00e9lectrique produite sera \u00ab inject\u00e9e \u00bb au r\u00e9seau EDF afin d\u2019analyser le comportement du syst\u00e8me en situation r\u00e9elle. MYRTE apportera sa contribution \u00e0 la production d\u2019\u00e9lectricit\u00e9 aux moments de plus forte demande ;<\/li>\n<\/ul>\n<ul>\n<li><strong>un plateau technique solaire<\/strong> avec plusieurs objectifs, dont l\u2019optimisation des syst\u00e8mes solaires existants et des unit\u00e9s de stockage. Ce plateau baptis\u00e9 <strong>PAGLIA ORBA (Plateforme Avanc\u00e9e de Gestion \u00e9Lectrique Insulaire, Associant stOckage et \u00e9nergies Renouvelables \u2013 Objectif Autonomie)<\/strong> est compos\u00e9 de syst\u00e8mes de production de l&rsquo;\u00e9nergie \u00e0 partir du rayonnement solaire, associ\u00e9s \u00e0 des moyens de stockage m\u00e9caniques et \u00e9lectrochimiques. Il a pour objectif d&rsquo;alimenter certains b\u00e2timents tertiaires ainsi que des logements. Une ombri\u00e8re photovolta\u00efque permettra de d\u00e9velopper un nouvel axe de recherche portant sur la mobilit\u00e9 \u00e9lectrique (recharge de v\u00e9hicules \u00e0 partir de ressources renouvelables). La premi\u00e8re application sera la recharge des v\u00e9hicules \u00e9lectriques du grand site touristique de la Parata.<\/li>\n<\/ul>\n<p>La Plateforme de VIGNOLA repr\u00e9sente un \u00e9l\u00e9ment majeur dans la strat\u00e9gie de d\u00e9veloppement des \u00e9nergies renouvelables en Corse. Elle est labellis\u00e9e par le p\u00f4le de Comp\u00e9titivit\u00e9 CAPENERGIES (projet structurant) et soutenue financi\u00e8rement par la Collectivit\u00e9 Territoriale de Corse, l\u2019Etat et l\u2019Union Europ\u00e9enne via les fonds FEDER.<\/p>\n","protected":false},"excerpt":{"rendered":"<p>T\u00c9L\u00c9CHARGER LE PDF Comment convertir l&rsquo;\u00e9nergie issue du soleil, soumise aux variations journali\u00e8res et annuelles, en source \u00e9lectrique disponible \u00e0 tout moment et comment int\u00e9grer, de mani\u00e8re massive, cette \u00e9nergie dans le r\u00e9seau \u00e9lectrique insulaire ? Afin de r\u00e9pondre \u00e0 cette probl\u00e9matique et permettre de satisfaire aux besoins \u00e9nerg\u00e9tiques de la Corse en mobilisant des [&hellip;]<\/p>\n","protected":false},"author":1,"featured_media":0,"parent":0,"menu_order":11,"comment_status":"closed","ping_status":"closed","template":"","meta":{"footnotes":""},"class_list":["post-301","page","type-page","status-publish","hentry"],"_links":{"self":[{"href":"https:\/\/www.recherche-corse.fr\/index.php?rest_route=\/wp\/v2\/pages\/301","targetHints":{"allow":["GET"]}}],"collection":[{"href":"https:\/\/www.recherche-corse.fr\/index.php?rest_route=\/wp\/v2\/pages"}],"about":[{"href":"https:\/\/www.recherche-corse.fr\/index.php?rest_route=\/wp\/v2\/types\/page"}],"author":[{"embeddable":true,"href":"https:\/\/www.recherche-corse.fr\/index.php?rest_route=\/wp\/v2\/users\/1"}],"replies":[{"embeddable":true,"href":"https:\/\/www.recherche-corse.fr\/index.php?rest_route=%2Fwp%2Fv2%2Fcomments&post=301"}],"version-history":[{"count":15,"href":"https:\/\/www.recherche-corse.fr\/index.php?rest_route=\/wp\/v2\/pages\/301\/revisions"}],"predecessor-version":[{"id":667,"href":"https:\/\/www.recherche-corse.fr\/index.php?rest_route=\/wp\/v2\/pages\/301\/revisions\/667"}],"wp:attachment":[{"href":"https:\/\/www.recherche-corse.fr\/index.php?rest_route=%2Fwp%2Fv2%2Fmedia&parent=301"}],"curies":[{"name":"wp","href":"https:\/\/api.w.org\/{rel}","templated":true}]}}