{"id":304,"date":"2011-10-04T09:26:24","date_gmt":"2011-10-04T09:26:24","guid":{"rendered":"http:\/\/www.recherche-corse.fr\/?page_id=304"},"modified":"2011-10-07T12:34:08","modified_gmt":"2011-10-07T12:34:08","slug":"icpp","status":"publish","type":"page","link":"https:\/\/www.recherche-corse.fr\/?page_id=304","title":{"rendered":"10 &#8211; LE PROJET IDENTIT\u00c9S, CULTURES : LES PROCESSUS DE PATRIMONIALISATION (ICPP)"},"content":{"rendered":"<blockquote>\n<div class=\"mceTemp\" style=\"text-align: center;\">\n<dl id=\"attachment_489\" class=\"wp-caption alignright\" style=\"width: 280px;\">\n<dt class=\"wp-caption-dt\"><a href=\"http:\/\/www.recherche-corse.fr\/wp-content\/uploads\/2011\/10\/10-ICPP.jpg\"><img loading=\"lazy\" decoding=\"async\" class=\"size-full wp-image-489 \" title=\"10-ICPP\" src=\"http:\/\/www.recherche-corse.fr\/wp-content\/uploads\/2011\/10\/10-ICPP.jpg\" alt=\"\" width=\"270\" height=\"640\" \/><\/a><\/dt>\n<dd class=\"wp-caption-dd\"><a href=\"http:\/\/www.recherche-corse.fr\/wp-content\/uploads\/2011\/10\/10-ICPP.pdf\" target=\"_blank\">T\u00c9L\u00c9CHARGER LE PDF<\/a><\/dd>\n<\/dl>\n<\/div>\n<p><strong>Ce projet a pour objectifs scientifiques la d\u00e9couverte, la reconnaissance et la transmission des savoirs et des savoir-faire afin d\u2019inscrire le capital culturel de la Corse dans un processus de patrimonialisation.<\/strong><\/p><\/blockquote>\n<p><strong>4 axes disciplinaires sont privil\u00e9gi\u00e9s :<\/strong><\/p>\n<ul>\n<li>les patrimoines sociaux ;<\/li>\n<\/ul>\n<ul>\n<li>les productions litt\u00e9raires et processus langagiers ;<\/li>\n<\/ul>\n<ul>\n<li>l\u2019occupation humaine des bassins fluviaux ainsi que les zones attenantes : des origines \u00e0 l\u2019\u00e9poque m\u00e9di\u00e9vale ;<\/li>\n<\/ul>\n<ul>\n<li>les mutations de la soci\u00e9t\u00e9 corse moderne et contemporaine.<\/li>\n<\/ul>\n<p>De nombreux travaux sont men\u00e9s dans diff\u00e9rents domaines :<\/p>\n<ul>\n<li>la recherche (rep\u00e9rage de fonds, collecte, constitutions et analyses) ;<\/li>\n<\/ul>\n<ul>\n<li>la conservation (num\u00e9risation, archivage) ;<\/li>\n<\/ul>\n<ul>\n<li>la valorisation (publications, expositions, \u00e9laboration de produits culturels et\/ou touristiques&#8230;).<strong><\/strong><\/li>\n<\/ul>\n<p>\u00ab La mise en patrimoine \u00bb des traces du pass\u00e9, des sites naturels ou des produits a ainsi permis la cr\u00e9ation de la <strong>M\u00e9diath\u00e8que Culturelle de la Corse et des Corses (M3C), un outil multim\u00e9dia de visualisation et d\u2019aide \u00e0 l\u2019analyse des ph\u00e9nom\u00e8nes culturels.<\/strong><\/p>\n<h4>VALORISATION<\/h4>\n<p>C\u00e9d\u00e9rom <strong>In Corsu<\/strong> : m\u00e9thode d\u2019apprentissage de la langue corse publi\u00e9e en 2004.<\/p>\n<p>DVD <strong>In Corsu +<\/strong> : un projet de valorisation et de diffusion des langues et des cultures de la Corse, de la Sardaigne, de la Sicile ainsi que des \u00eeles Bal\u00e9ares. Au-del\u00e0 de l\u2019autoapprentissage linguistique, il int\u00e8gre \u00e9galement un certain nombre de connaissances patrimoniales gr\u00e2ce \u00e0 l\u2019utilisation de diff\u00e9rents m\u00e9dias (Internet, photographies, diaporamas, textes, enregistrements audio et vid\u00e9o, chronologies et cartographies).<\/p>\n","protected":false},"excerpt":{"rendered":"<p>T\u00c9L\u00c9CHARGER LE PDF Ce projet a pour objectifs scientifiques la d\u00e9couverte, la reconnaissance et la transmission des savoirs et des savoir-faire afin d\u2019inscrire le capital culturel de la Corse dans un processus de patrimonialisation. 4 axes disciplinaires sont privil\u00e9gi\u00e9s : les patrimoines sociaux ; les productions litt\u00e9raires et processus langagiers ; l\u2019occupation humaine des bassins [&hellip;]<\/p>\n","protected":false},"author":1,"featured_media":0,"parent":0,"menu_order":10,"comment_status":"closed","ping_status":"closed","template":"","meta":{"footnotes":""},"class_list":["post-304","page","type-page","status-publish","hentry"],"_links":{"self":[{"href":"https:\/\/www.recherche-corse.fr\/index.php?rest_route=\/wp\/v2\/pages\/304","targetHints":{"allow":["GET"]}}],"collection":[{"href":"https:\/\/www.recherche-corse.fr\/index.php?rest_route=\/wp\/v2\/pages"}],"about":[{"href":"https:\/\/www.recherche-corse.fr\/index.php?rest_route=\/wp\/v2\/types\/page"}],"author":[{"embeddable":true,"href":"https:\/\/www.recherche-corse.fr\/index.php?rest_route=\/wp\/v2\/users\/1"}],"replies":[{"embeddable":true,"href":"https:\/\/www.recherche-corse.fr\/index.php?rest_route=%2Fwp%2Fv2%2Fcomments&post=304"}],"version-history":[{"count":12,"href":"https:\/\/www.recherche-corse.fr\/index.php?rest_route=\/wp\/v2\/pages\/304\/revisions"}],"predecessor-version":[{"id":307,"href":"https:\/\/www.recherche-corse.fr\/index.php?rest_route=\/wp\/v2\/pages\/304\/revisions\/307"}],"wp:attachment":[{"href":"https:\/\/www.recherche-corse.fr\/index.php?rest_route=%2Fwp%2Fv2%2Fmedia&parent=304"}],"curies":[{"name":"wp","href":"https:\/\/api.w.org\/{rel}","templated":true}]}}