{"id":311,"date":"2011-10-04T09:31:04","date_gmt":"2011-10-04T09:31:04","guid":{"rendered":"http:\/\/www.recherche-corse.fr\/?page_id=311"},"modified":"2011-10-07T12:27:35","modified_gmt":"2011-10-07T12:27:35","slug":"tic","status":"publish","type":"page","link":"https:\/\/www.recherche-corse.fr\/?page_id=311","title":{"rendered":"8 &#8211; LE PROJET TECHNOLOGIES DE L\u2019INFORMATION ET DE LA COMMUNICATION (TIC)"},"content":{"rendered":"<blockquote>\n<div class=\"mceTemp\" style=\"text-align: center;\">\n<dl id=\"attachment_487\" class=\"wp-caption alignright\" style=\"width: 280px;\">\n<dt class=\"wp-caption-dt\"><a href=\"http:\/\/www.recherche-corse.fr\/wp-content\/uploads\/2011\/10\/8-TIC.jpg\"><img loading=\"lazy\" decoding=\"async\" class=\"size-full wp-image-487 \" title=\"8-TIC\" src=\"http:\/\/www.recherche-corse.fr\/wp-content\/uploads\/2011\/10\/8-TIC.jpg\" alt=\"\" width=\"270\" height=\"640\" \/><\/a><\/dt>\n<dd class=\"wp-caption-dd\"><a href=\"http:\/\/www.recherche-corse.fr\/wp-content\/uploads\/2011\/10\/8-TIC.pdf\" target=\"_blank\">T\u00c9L\u00c9CHARGER LE PDF<\/a><\/dd>\n<\/dl>\n<\/div>\n<p><strong>Ce projet s\u2019inscrit \u00e0 la fois dans les probl\u00e9matiques internationales de d\u00e9veloppement de technologies de pointe en informatique et dans les enjeux territoriaux de d\u00e9veloppement de la Corse. Il vise \u00e0 d\u00e9velopper un environnement logiciel de mod\u00e9lisation et de simulation de syst\u00e8mes complexes.<\/strong><\/p><\/blockquote>\n<p>Le logiciel libre DEVSimPy a \u00e9t\u00e9 d\u00e9velopp\u00e9 au sein du projet TIC sous licence GPL version 3 et peut \u00eatre t\u00e9l\u00e9charg\u00e9 \u00e0 l&rsquo;adresse<a href=\"http:\/\/spe.univ-corse.fr\/spip.php?rubrique41\" target=\"_blank\"> http:\/\/spe.univ-corse.fr\/spip.php?rubrique41.<\/a><br \/>\nBas\u00e9 sur le formalisme DEVS (Discrete Event Specification) introduit par le Professeur B.P. Zeigler (Universit\u00e9 du Texas, USA) dans les ann\u00e9es soixante-dix, DEVSimPy\u00a0 a \u00e9t\u00e9 pens\u00e9 pour simplifier la phase finale du mod\u00e9lisateur qui consiste \u00e0 coupler les mod\u00e8les entre eux afin de les simuler pour analyser leurs comportements.<\/p>\n<h4>QUELQUES APPLICATIONS ET TRANSFERTS<\/h4>\n<ul>\n<li><strong>Gestion optimis\u00e9e d\u2019un r\u00e9seau hydrique et aide \u00e0 la pr\u00e9vision de crues.<\/strong><\/li>\n<\/ul>\n<p>La gestion d\u2019un bassin hydrique repose sur le d\u00e9veloppement d\u2019un mod\u00e8le de simulation<\/p>\n","protected":false},"excerpt":{"rendered":"<p>T\u00c9L\u00c9CHARGER LE PDF Ce projet s\u2019inscrit \u00e0 la fois dans les probl\u00e9matiques internationales de d\u00e9veloppement de technologies de pointe en informatique et dans les enjeux territoriaux de d\u00e9veloppement de la Corse. Il vise \u00e0 d\u00e9velopper un environnement logiciel de mod\u00e9lisation et de simulation de syst\u00e8mes complexes. Le logiciel libre DEVSimPy a \u00e9t\u00e9 d\u00e9velopp\u00e9 au sein [&hellip;]<\/p>\n","protected":false},"author":1,"featured_media":0,"parent":0,"menu_order":8,"comment_status":"closed","ping_status":"closed","template":"","meta":{"footnotes":""},"class_list":["post-311","page","type-page","status-publish","hentry"],"_links":{"self":[{"href":"https:\/\/www.recherche-corse.fr\/index.php?rest_route=\/wp\/v2\/pages\/311","targetHints":{"allow":["GET"]}}],"collection":[{"href":"https:\/\/www.recherche-corse.fr\/index.php?rest_route=\/wp\/v2\/pages"}],"about":[{"href":"https:\/\/www.recherche-corse.fr\/index.php?rest_route=\/wp\/v2\/types\/page"}],"author":[{"embeddable":true,"href":"https:\/\/www.recherche-corse.fr\/index.php?rest_route=\/wp\/v2\/users\/1"}],"replies":[{"embeddable":true,"href":"https:\/\/www.recherche-corse.fr\/index.php?rest_route=%2Fwp%2Fv2%2Fcomments&post=311"}],"version-history":[{"count":17,"href":"https:\/\/www.recherche-corse.fr\/index.php?rest_route=\/wp\/v2\/pages\/311\/revisions"}],"predecessor-version":[{"id":994,"href":"https:\/\/www.recherche-corse.fr\/index.php?rest_route=\/wp\/v2\/pages\/311\/revisions\/994"}],"wp:attachment":[{"href":"https:\/\/www.recherche-corse.fr\/index.php?rest_route=%2Fwp%2Fv2%2Fmedia&parent=311"}],"curies":[{"name":"wp","href":"https:\/\/api.w.org\/{rel}","templated":true}]}}