{"id":320,"date":"2011-10-04T09:33:55","date_gmt":"2011-10-04T09:33:55","guid":{"rendered":"http:\/\/www.recherche-corse.fr\/?page_id=320"},"modified":"2011-10-07T12:18:37","modified_gmt":"2011-10-07T12:18:37","slug":"feux","status":"publish","type":"page","link":"https:\/\/www.recherche-corse.fr\/?page_id=320","title":{"rendered":"5 &#8211; LE PROJET MOD\u00c9LISATION ET EXP\u00c9RIMENTATION DES FEUX DE FOR\u00caT (FEUX)"},"content":{"rendered":"<blockquote>\n<div class=\"mceTemp\" style=\"text-align: center;\">\n<dl id=\"attachment_494\" class=\"wp-caption alignright\" style=\"width: 280px;\">\n<dt class=\"wp-caption-dt\"><a href=\"http:\/\/www.recherche-corse.fr\/wp-content\/uploads\/2011\/10\/5-FEUX.jpg\"><img loading=\"lazy\" decoding=\"async\" class=\"size-full wp-image-494 \" title=\"5-FEUX\" src=\"http:\/\/www.recherche-corse.fr\/wp-content\/uploads\/2011\/10\/5-FEUX.jpg\" alt=\"\" width=\"270\" height=\"640\" \/><\/a><\/dt>\n<dd class=\"wp-caption-dd\"><a href=\"http:\/\/www.recherche-corse.fr\/wp-content\/uploads\/2011\/10\/5-FEUX.pdf\" target=\"_blank\">T\u00c9L\u00c9CHARGER LE PDF<\/a><\/dd>\n<\/dl>\n<\/div>\n<p><strong>Ce projet a pour objectif de contribuer \u00e0 fournir des outils d\u2019aide \u00e0 la d\u00e9cision en mati\u00e8re de pr\u00e9vention, de pr\u00e9vision et de lutte dans le domaine des incendies de for\u00eat. Ce probl\u00e8me complexe est trait\u00e9 selon des axes privil\u00e9gi\u00e9s :<\/strong><\/p><\/blockquote>\n<ul>\n<ul>\n<li>l&rsquo;\u00e9tude de la propagation d&rsquo;un feu est abord\u00e9e \u00e0 travers ses aspects physico-chimiques. Il s&rsquo;agit de mieux comprendre le ph\u00e9nom\u00e8ne de la propagation pour mieux le mod\u00e9liser et le pr\u00e9dire. L&rsquo;objectif est la mise au point d&rsquo;un <strong>simulateur<\/strong> de propagation du feu, outil d\u2019aide \u00e0 la d\u00e9cision pour la pr\u00e9vision et la lutte contre ce sinistre ou encore l&rsquo;am\u00e9nagement du territoire. Pour ce faire, des \u00e9tudes exp\u00e9rimentales du comportement du feu aux \u00e9chelles du laboratoire et du terrain sont conduites.<\/li>\n<li>l\u2019utilisation des outils informatiques et de traitement du signal dans le but d\u2019\u00e9laborer un simulateur, de fournir des mesures de la g\u00e9om\u00e9trie et de la position du front de feu.<\/li>\n<\/ul>\n<li>la connaissance des limites de r\u00e9sistance des v\u00e9g\u00e9taux soumis aux br\u00fblages dirig\u00e9s dans l\u2019optique de l&rsquo;am\u00e9nagement des espaces naturels. Des outils de gestion permettant de quantifier le stress de la v\u00e9g\u00e9tation sont d\u00e9velopp\u00e9s.<\/li>\n<li>la diffusion des connaissances et l\u2019\u00e9change avec les partenaires nationaux et internationaux.<\/li>\n<\/ul>\n<h4>TRANSFERT<\/h4>\n<p>D\u00e9veloppement d\u2019outils de lutte, de pr\u00e9vision et de pr\u00e9vention \u00e0 l\u2019attention des professionnels du feu (simulateur, analyse vid\u00e9o).<br \/>\nOutils de diagnostic pour l\u2019\u00e9cobuage et le d\u00e9maquisage pour l\u2019am\u00e9nagement du territoire.<\/p>\n","protected":false},"excerpt":{"rendered":"<p>T\u00c9L\u00c9CHARGER LE PDF Ce projet a pour objectif de contribuer \u00e0 fournir des outils d\u2019aide \u00e0 la d\u00e9cision en mati\u00e8re de pr\u00e9vention, de pr\u00e9vision et de lutte dans le domaine des incendies de for\u00eat. Ce probl\u00e8me complexe est trait\u00e9 selon des axes privil\u00e9gi\u00e9s : l&rsquo;\u00e9tude de la propagation d&rsquo;un feu est abord\u00e9e \u00e0 travers ses [&hellip;]<\/p>\n","protected":false},"author":1,"featured_media":0,"parent":0,"menu_order":5,"comment_status":"closed","ping_status":"closed","template":"","meta":{"footnotes":""},"class_list":["post-320","page","type-page","status-publish","hentry"],"_links":{"self":[{"href":"https:\/\/www.recherche-corse.fr\/index.php?rest_route=\/wp\/v2\/pages\/320","targetHints":{"allow":["GET"]}}],"collection":[{"href":"https:\/\/www.recherche-corse.fr\/index.php?rest_route=\/wp\/v2\/pages"}],"about":[{"href":"https:\/\/www.recherche-corse.fr\/index.php?rest_route=\/wp\/v2\/types\/page"}],"author":[{"embeddable":true,"href":"https:\/\/www.recherche-corse.fr\/index.php?rest_route=\/wp\/v2\/users\/1"}],"replies":[{"embeddable":true,"href":"https:\/\/www.recherche-corse.fr\/index.php?rest_route=%2Fwp%2Fv2%2Fcomments&post=320"}],"version-history":[{"count":26,"href":"https:\/\/www.recherche-corse.fr\/index.php?rest_route=\/wp\/v2\/pages\/320\/revisions"}],"predecessor-version":[{"id":323,"href":"https:\/\/www.recherche-corse.fr\/index.php?rest_route=\/wp\/v2\/pages\/320\/revisions\/323"}],"wp:attachment":[{"href":"https:\/\/www.recherche-corse.fr\/index.php?rest_route=%2Fwp%2Fv2%2Fmedia&parent=320"}],"curies":[{"name":"wp","href":"https:\/\/api.w.org\/{rel}","templated":true}]}}