{"id":4,"date":"2011-09-26T07:26:54","date_gmt":"2011-09-26T07:26:54","guid":{"rendered":"http:\/\/www.recherche-corse.fr\/?page_id=4"},"modified":"2011-10-07T11:59:41","modified_gmt":"2011-10-07T11:59:41","slug":"la-recherche-scientifique-et-technique-en-corse","status":"publish","type":"page","link":"https:\/\/www.recherche-corse.fr\/?page_id=4","title":{"rendered":"1 &#8211; LA RECHERCHE SCIENTIFIQUE ET TECHNIQUE EN CORSE"},"content":{"rendered":"<blockquote>\n<div class=\"mceTemp\" style=\"text-align: center;\">\n<dl id=\"attachment_481\" class=\"wp-caption alignright\" style=\"width: 280px;\">\n<dt class=\"wp-caption-dt\"><a href=\"http:\/\/www.recherche-corse.fr\/wp-content\/uploads\/2011\/10\/1-INTRODUCTION.jpg\"><img loading=\"lazy\" decoding=\"async\" class=\"size-full wp-image-481\" title=\"1-INTRODUCTION\" src=\"http:\/\/www.recherche-corse.fr\/wp-content\/uploads\/2011\/10\/1-INTRODUCTION.jpg\" alt=\"\" width=\"270\" height=\"640\" \/><\/a><\/dt>\n<dd class=\"wp-caption-dd\"><a href=\"http:\/\/www.recherche-corse.fr\/wp-content\/uploads\/2011\/10\/1-INTRODUCTION.pdf\" target=\"_blank\">T\u00c9L\u00c9CHARGER LE PDF<\/a><\/dd>\n<\/dl>\n<\/div>\n<p><strong>Depuis toujours, les hommes cherchent \u00e0 conna\u00eetre, comprendre et ma\u00eetriser la nature. Ce besoin est \u00e0 l\u2019origine des mutations profondes de nos soci\u00e9t\u00e9s, \u00e0 l\u2019image des progr\u00e8s de la m\u00e9decine ou de la diversification des moyens de communication.<\/strong><\/p><\/blockquote>\n<p>Aujourd\u2019hui les r\u00e9ponses aux demandes, toujours plus nombreuses des soci\u00e9t\u00e9s, s\u2019appuient n\u00e9cessairement sur le d\u00e9veloppement des connaissances. La recherche scientifique et technique est ainsi devenue un enjeu \u00e9conomique, social et culturel.<\/p>\n<p>La Corse et les corses ont su, au cours du temps, participer \u00e0 la formidable aventure de la recherche scientifique et technique :<\/p>\n<ul>\n<li>Napol\u00e9on Bonaparte \u00e9nonc\u0327a ainsi en 1787, un th\u00e9or\u00e8me de g\u00e9om\u00e9trie portant sur le triangle \u00e9quilat\u00e9ral ;<\/li>\n<li>la mise en \u00e9vidence de la fusion des noyaux des cellules sexuelles lors de la f\u00e9condation fut r\u00e9alis\u00e9e chez l\u2019oursin en 1875 au lyc\u00e9e Fesch d\u2019Ajaccio par Oscar Hertwing, un embryologiste allemand.<\/li>\n<\/ul>\n<p>Cependant, ce n\u2019est que depuis quelques ann\u00e9es que la Corse, en structurant sur son territoire une recherche scientifique et technique pertinente, a souhait\u00e9 contribuer activement et pleinement \u00e0 cet immense d\u00e9fi.<\/p>\n<p><strong>A travers les travaux men\u00e9s par les principaux acteurs insulaires, cette exposition vous propose de d\u00e9couvrir les grands domaines et les enjeux de la recherche scientifique et technique en Corse.<\/strong><\/p>\n","protected":false},"excerpt":{"rendered":"<p>T\u00c9L\u00c9CHARGER LE PDF Depuis toujours, les hommes cherchent \u00e0 conna\u00eetre, comprendre et ma\u00eetriser la nature. Ce besoin est \u00e0 l\u2019origine des mutations profondes de nos soci\u00e9t\u00e9s, \u00e0 l\u2019image des progr\u00e8s de la m\u00e9decine ou de la diversification des moyens de communication. Aujourd\u2019hui les r\u00e9ponses aux demandes, toujours plus nombreuses des soci\u00e9t\u00e9s, s\u2019appuient n\u00e9cessairement sur le [&hellip;]<\/p>\n","protected":false},"author":1,"featured_media":0,"parent":0,"menu_order":1,"comment_status":"closed","ping_status":"closed","template":"","meta":{"footnotes":""},"class_list":["post-4","page","type-page","status-publish","hentry"],"_links":{"self":[{"href":"https:\/\/www.recherche-corse.fr\/index.php?rest_route=\/wp\/v2\/pages\/4","targetHints":{"allow":["GET"]}}],"collection":[{"href":"https:\/\/www.recherche-corse.fr\/index.php?rest_route=\/wp\/v2\/pages"}],"about":[{"href":"https:\/\/www.recherche-corse.fr\/index.php?rest_route=\/wp\/v2\/types\/page"}],"author":[{"embeddable":true,"href":"https:\/\/www.recherche-corse.fr\/index.php?rest_route=\/wp\/v2\/users\/1"}],"replies":[{"embeddable":true,"href":"https:\/\/www.recherche-corse.fr\/index.php?rest_route=%2Fwp%2Fv2%2Fcomments&post=4"}],"version-history":[{"count":86,"href":"https:\/\/www.recherche-corse.fr\/index.php?rest_route=\/wp\/v2\/pages\/4\/revisions"}],"predecessor-version":[{"id":979,"href":"https:\/\/www.recherche-corse.fr\/index.php?rest_route=\/wp\/v2\/pages\/4\/revisions\/979"}],"wp:attachment":[{"href":"https:\/\/www.recherche-corse.fr\/index.php?rest_route=%2Fwp%2Fv2%2Fmedia&parent=4"}],"curies":[{"name":"wp","href":"https:\/\/api.w.org\/{rel}","templated":true}]}}