{"id":97,"date":"2011-09-28T20:36:22","date_gmt":"2011-09-28T20:36:22","guid":{"rendered":"http:\/\/www.recherche-corse.fr\/?page_id=97"},"modified":"2011-10-07T12:19:24","modified_gmt":"2011-10-07T12:19:24","slug":"enr","status":"publish","type":"page","link":"https:\/\/www.recherche-corse.fr\/?page_id=97","title":{"rendered":"4 &#8211; LE PROJET SYST\u00c8MES \u00c0 SOURCES RENOUVELABLES D\u2019\u00c9NERGIE (ENR)"},"content":{"rendered":"<blockquote>\n<div class=\"mceTemp\" style=\"text-align: center;\">\n<dl id=\"attachment_484\" class=\"wp-caption alignright\" style=\"width: 280px;\">\n<dt class=\"wp-caption-dt\"><a href=\"http:\/\/www.recherche-corse.fr\/wp-content\/uploads\/2011\/10\/4-ENR.jpg\"><img loading=\"lazy\" decoding=\"async\" class=\"size-full wp-image-484 \" title=\"4-ENR\" src=\"http:\/\/www.recherche-corse.fr\/wp-content\/uploads\/2011\/10\/4-ENR.jpg\" alt=\"\" width=\"270\" height=\"640\" \/><\/a><\/dt>\n<dd class=\"wp-caption-dd\"><a href=\"http:\/\/www.recherche-corse.fr\/wp-content\/uploads\/2011\/10\/4-ENR.pdf\" target=\"_blank\">T\u00c9L\u00c9CHARGER LE PDF<br \/>\n<\/a><\/dd>\n<\/dl>\n<\/div>\n<p><strong>Ce projet s\u2019organise autour de deux axes compl\u00e9mentaires permettant, dans un avenir proche, une utilisation performante des flux \u00e9nerg\u00e9tiques \u00e9olien et solaire :<\/strong><\/p><\/blockquote>\n<ul>\n<li>l\u2019\u00e9tude des conditions d\u2019une exploitation efficace de flux \u00e9nerg\u00e9tiques d\u00e9pendant du temps et de l\u2019espace ;<\/li>\n<\/ul>\n<ul>\n<li>la ma\u00eetrise de l\u2019\u00e9nergie \u00e0 travers l\u2019int\u00e9gration \u00ab b\u00e2ti \u00bb et le couplage ENR-stockage permettant de r\u00e9pondre \u00e0 la probl\u00e9matique \u00e9nerg\u00e9tique des \u00eeles ;<\/li>\n<\/ul>\n<ul>\n<li>la mise au point de mat\u00e9riaux nouveaux utilisant le refroidissement radiatif naturel pour la climatisation passive des b\u00e2timents et une production d\u2019eau douce par un syst\u00e8me \u00e9nerg\u00e9tique non g\u00e9n\u00e9rateur de gaz \u00e0 effet de serre.<\/li>\n<\/ul>\n<p>Dans le cadre de ce projet, l\u2019Universit\u00e9 d\u00e9veloppe notamment \u00e0 Vignola, pr\u00e8s d\u2019Ajaccio, une plateforme de recherche, de d\u00e9veloppement et de transfert technologique int\u00e9grant des syst\u00e8mes de production \u00e9lectrique \u00e0 partir de sources renouvelables d\u2019\u00e9nergies coupl\u00e9s \u00e0 des syst\u00e8mes de stockage, visant in fine \u00e0 l\u2019int\u00e9gration massive des \u00e9nergies renouvelables dans l\u2019offre \u00e9nerg\u00e9tique de la Corse.<\/p>\n<p>&nbsp;<\/p>\n<h4>VALORISATION : LA R\u00c9CUP\u00c9RATION DE L\u2019EAU DE ROS\u00c9E.<\/h4>\n<p>En 2007, l\u2019Universit\u00e9 de Corse, en partenariat \u00e9troit avec le CEA et le CNRS, a obtenu son premier brevet sur la d\u00e9finition de mat\u00e9riaux nouveaux permettant :<\/p>\n<ul>\n<li>en cycle nocturne, la condensation de la vapeur d\u2019eau atmosph\u00e9rique comme source alternative en eau ;<\/li>\n<\/ul>\n<ul>\n<li>en cycle diurne, la climatisation passive de b\u00e2timent limitant l\u2019usage d\u2019\u00e9nergie fossile pour le rafraichissement de locaux.<\/li>\n<\/ul>\n<p>Ces mat\u00e9riaux ont l\u2019avantage d\u2019\u00eatre conformes aux objectifs de la d\u00e9marche Haute Qualit\u00e9 Environnementale permettant une meilleure ma\u00eetrise de la demande d\u2019\u00e9nergie.<\/p>\n","protected":false},"excerpt":{"rendered":"<p>T\u00c9L\u00c9CHARGER LE PDF Ce projet s\u2019organise autour de deux axes compl\u00e9mentaires permettant, dans un avenir proche, une utilisation performante des flux \u00e9nerg\u00e9tiques \u00e9olien et solaire : l\u2019\u00e9tude des conditions d\u2019une exploitation efficace de flux \u00e9nerg\u00e9tiques d\u00e9pendant du temps et de l\u2019espace ; la ma\u00eetrise de l\u2019\u00e9nergie \u00e0 travers l\u2019int\u00e9gration \u00ab b\u00e2ti \u00bb et le couplage [&hellip;]<\/p>\n","protected":false},"author":1,"featured_media":0,"parent":0,"menu_order":4,"comment_status":"closed","ping_status":"closed","template":"","meta":{"footnotes":""},"class_list":["post-97","page","type-page","status-publish","hentry"],"_links":{"self":[{"href":"https:\/\/www.recherche-corse.fr\/index.php?rest_route=\/wp\/v2\/pages\/97","targetHints":{"allow":["GET"]}}],"collection":[{"href":"https:\/\/www.recherche-corse.fr\/index.php?rest_route=\/wp\/v2\/pages"}],"about":[{"href":"https:\/\/www.recherche-corse.fr\/index.php?rest_route=\/wp\/v2\/types\/page"}],"author":[{"embeddable":true,"href":"https:\/\/www.recherche-corse.fr\/index.php?rest_route=\/wp\/v2\/users\/1"}],"replies":[{"embeddable":true,"href":"https:\/\/www.recherche-corse.fr\/index.php?rest_route=%2Fwp%2Fv2%2Fcomments&post=97"}],"version-history":[{"count":33,"href":"https:\/\/www.recherche-corse.fr\/index.php?rest_route=\/wp\/v2\/pages\/97\/revisions"}],"predecessor-version":[{"id":100,"href":"https:\/\/www.recherche-corse.fr\/index.php?rest_route=\/wp\/v2\/pages\/97\/revisions\/100"}],"wp:attachment":[{"href":"https:\/\/www.recherche-corse.fr\/index.php?rest_route=%2Fwp%2Fv2%2Fmedia&parent=97"}],"curies":[{"name":"wp","href":"https:\/\/api.w.org\/{rel}","templated":true}]}}